{"id":6997,"date":"2020-11-30T01:55:39","date_gmt":"2020-11-30T01:55:39","guid":{"rendered":"https:\/\/demoapus2.com\/uomo-import\/?page_id=39"},"modified":"2025-06-27T11:58:01","modified_gmt":"2025-06-27T08:58:01","slug":"indirimli-egitim-paketleri","status":"publish","type":"page","link":"https:\/\/www.klccenter.com.tr\/online\/indirimli-egitim-paketleri\/","title":{"rendered":"\u0130ndirimli E\u011fitim Paketleri"},"content":{"rendered":"\t\t<div data-elementor-type=\"wp-page\" data-elementor-id=\"6997\" class=\"elementor elementor-6997\">\n\t\t\t\t\t\t<section class=\"elementor-section elementor-top-section elementor-element elementor-element-7b875e0 elementor-section-stretched elementor-section-boxed elementor-section-height-default elementor-section-height-default\" data-id=\"7b875e0\" data-element_type=\"section\" data-e-type=\"section\" data-settings=\"{&quot;stretch_section&quot;:&quot;section-stretched&quot;}\">\n\t\t\t\t\t\t<div class=\"elementor-container elementor-column-gap-extended\">\n\t\t\t\t\t<div class=\"elementor-column elementor-col-100 elementor-top-column elementor-element elementor-element-71cbfdb\" data-id=\"71cbfdb\" data-element_type=\"column\" data-e-type=\"column\">\n\t\t\t<div class=\"elementor-widget-wrap elementor-element-populated\">\n\t\t\t\t\t\t<div class=\"elementor-element elementor-element-baf2d6b elementor-widget elementor-widget-heading\" data-id=\"baf2d6b\" data-element_type=\"widget\" data-e-type=\"widget\" data-widget_type=\"heading.default\">\n\t\t\t\t<div class=\"elementor-widget-container\">\n\t\t\t\t\t<h2 class=\"elementor-heading-title elementor-size-default\">\u0130ND\u0130R\u0130ML\u0130 E\u011e\u0130T\u0130M PAKETLER\u0130<\/h2>\t\t\t\t<\/div>\n\t\t\t\t<\/div>\n\t\t\t\t\t<\/div>\n\t\t<\/div>\n\t\t\t\t\t<\/div>\n\t\t<\/section>\n\t\t\t\t<section class=\"elementor-section elementor-top-section elementor-element elementor-element-bbfa3e5 elementor-section-stretched elementor-section-full_width elementor-section-height-default elementor-section-height-default\" data-id=\"bbfa3e5\" data-element_type=\"section\" data-e-type=\"section\" data-settings=\"{&quot;stretch_section&quot;:&quot;section-stretched&quot;}\">\n\t\t\t\t\t\t<div class=\"elementor-container elementor-column-gap-default\">\n\t\t\t\t\t<div class=\"elementor-column elementor-col-100 elementor-top-column elementor-element elementor-element-214a406\" data-id=\"214a406\" data-element_type=\"column\" data-e-type=\"column\">\n\t\t\t<div class=\"elementor-widget-wrap elementor-element-populated\">\n\t\t\t\t\t\t<section class=\"elementor-section elementor-inner-section elementor-element elementor-element-6e50e9e elementor-section-boxed elementor-section-height-default elementor-section-height-default\" data-id=\"6e50e9e\" data-element_type=\"section\" data-e-type=\"section\">\n\t\t\t\t\t\t<div class=\"elementor-container elementor-column-gap-default\">\n\t\t\t\t\t<div class=\"elementor-column elementor-col-50 elementor-inner-column elementor-element elementor-element-c242171\" data-id=\"c242171\" data-element_type=\"column\" data-e-type=\"column\">\n\t\t\t<div class=\"elementor-widget-wrap elementor-element-populated\">\n\t\t\t\t\t\t<div class=\"elementor-element elementor-element-2bac1b0 elementor-widget elementor-widget-apus_element_woo_category_banner\" data-id=\"2bac1b0\" data-element_type=\"widget\" data-e-type=\"widget\" data-widget_type=\"apus_element_woo_category_banner.default\">\n\t\t\t\t<div class=\"elementor-widget-container\">\n\t\t\t\t\t                    <div class=\"widget-category-banner  style2\">\n                \n                <div class=\"item-inner\">\n                    <div class=\"category-box-content\"><a href=\"#\"><h3 class=\"title\"><\/h3><\/a><a class=\"btn-banner\" href=\"#\">Hemen Ke\u015ffet<\/a><\/div>\n                <\/div>\n                    \n            <\/div>\n        \n        \t\t\t\t<\/div>\n\t\t\t\t<\/div>\n\t\t\t\t\t<\/div>\n\t\t<\/div>\n\t\t\t\t<div class=\"elementor-column elementor-col-50 elementor-inner-column elementor-element elementor-element-493eeb4\" data-id=\"493eeb4\" data-element_type=\"column\" data-e-type=\"column\">\n\t\t\t<div class=\"elementor-widget-wrap elementor-element-populated\">\n\t\t\t\t\t\t<div class=\"elementor-element elementor-element-d426f96 elementor-widget elementor-widget-apus_element_woo_category_banner\" data-id=\"d426f96\" data-element_type=\"widget\" data-e-type=\"widget\" data-widget_type=\"apus_element_woo_category_banner.default\">\n\t\t\t\t<div class=\"elementor-widget-container\">\n\t\t\t\t\t                    <div class=\"widget-category-banner  style2\">\n                \n                <div class=\"item-inner\">\n                    <div class=\"category-box-content\"><a href=\"#\"><h3 class=\"title\"><\/h3><\/a><a class=\"btn-banner\" href=\"#\"><\/a><\/div>\n                <\/div>\n                    \n            <\/div>\n        \n        \t\t\t\t<\/div>\n\t\t\t\t<\/div>\n\t\t\t\t\t<\/div>\n\t\t<\/div>\n\t\t\t\t\t<\/div>\n\t\t<\/section>\n\t\t\t\t\t<\/div>\n\t\t<\/div>\n\t\t\t\t\t<\/div>\n\t\t<\/section>\n\t\t\t\t<section class=\"elementor-section elementor-top-section elementor-element elementor-element-ab0ae5b elementor-section-stretched elementor-section-full_width elementor-section-height-default elementor-section-height-default\" data-id=\"ab0ae5b\" data-element_type=\"section\" data-e-type=\"section\" data-settings=\"{&quot;stretch_section&quot;:&quot;section-stretched&quot;}\">\n\t\t\t\t\t\t<div class=\"elementor-container elementor-column-gap-default\">\n\t\t\t\t\t<div class=\"elementor-column elementor-col-100 elementor-top-column elementor-element elementor-element-52b0c9f\" data-id=\"52b0c9f\" data-element_type=\"column\" data-e-type=\"column\">\n\t\t\t<div class=\"elementor-widget-wrap elementor-element-populated\">\n\t\t\t\t\t\t<section class=\"elementor-section elementor-inner-section elementor-element elementor-element-6936a72 elementor-section-boxed elementor-section-height-default elementor-section-height-default\" data-id=\"6936a72\" data-element_type=\"section\" data-e-type=\"section\">\n\t\t\t\t\t\t<div class=\"elementor-container elementor-column-gap-default\">\n\t\t\t\t\t<div class=\"elementor-column elementor-col-50 elementor-inner-column elementor-element elementor-element-46db42f\" data-id=\"46db42f\" data-element_type=\"column\" data-e-type=\"column\">\n\t\t\t<div class=\"elementor-widget-wrap elementor-element-populated\">\n\t\t\t\t\t\t<div class=\"elementor-element elementor-element-a9c9130 elementor-widget elementor-widget-apus_element_woo_category_banner\" data-id=\"a9c9130\" data-element_type=\"widget\" data-e-type=\"widget\" data-widget_type=\"apus_element_woo_category_banner.default\">\n\t\t\t\t<div class=\"elementor-widget-container\">\n\t\t\t\t\t                    <div class=\"widget-category-banner  style2\">\n                \n                <div class=\"item-inner\">\n                    <div class=\"category-box-content\"><a href=\"#\"><h3 class=\"title\"><\/h3><\/a><a class=\"btn-banner\" href=\"#\">Hemen Ke\u015ffet<\/a><\/div>\n                <\/div>\n                    \n            <\/div>\n        \n        \t\t\t\t<\/div>\n\t\t\t\t<\/div>\n\t\t\t\t\t<\/div>\n\t\t<\/div>\n\t\t\t\t<div class=\"elementor-column elementor-col-50 elementor-inner-column elementor-element elementor-element-278dc19\" data-id=\"278dc19\" data-element_type=\"column\" data-e-type=\"column\">\n\t\t\t<div class=\"elementor-widget-wrap elementor-element-populated\">\n\t\t\t\t\t\t<div class=\"elementor-element elementor-element-edc806c elementor-widget elementor-widget-apus_element_woo_category_banner\" data-id=\"edc806c\" data-element_type=\"widget\" data-e-type=\"widget\" data-widget_type=\"apus_element_woo_category_banner.default\">\n\t\t\t\t<div class=\"elementor-widget-container\">\n\t\t\t\t\t                    <div class=\"widget-category-banner  style2\">\n                \n                <div class=\"item-inner\">\n                    <div class=\"category-box-content\"><a href=\"#\"><h3 class=\"title\"><\/h3><\/a><a class=\"btn-banner\" href=\"#\"><\/a><\/div>\n                <\/div>\n                    \n            <\/div>\n        \n        \t\t\t\t<\/div>\n\t\t\t\t<\/div>\n\t\t\t\t\t<\/div>\n\t\t<\/div>\n\t\t\t\t\t<\/div>\n\t\t<\/section>\n\t\t\t\t\t<\/div>\n\t\t<\/div>\n\t\t\t\t\t<\/div>\n\t\t<\/section>\n\t\t\t\t<section class=\"elementor-section elementor-top-section elementor-element elementor-element-81fc251 elementor-section-stretched elementor-section-full_width elementor-section-height-default elementor-section-height-default\" data-id=\"81fc251\" data-element_type=\"section\" data-e-type=\"section\" data-settings=\"{&quot;stretch_section&quot;:&quot;section-stretched&quot;}\">\n\t\t\t\t\t\t<div class=\"elementor-container elementor-column-gap-default\">\n\t\t\t\t\t<div class=\"elementor-column elementor-col-100 elementor-top-column elementor-element elementor-element-bb974ca\" data-id=\"bb974ca\" data-element_type=\"column\" data-e-type=\"column\">\n\t\t\t<div class=\"elementor-widget-wrap elementor-element-populated\">\n\t\t\t\t\t\t<section class=\"elementor-section elementor-inner-section elementor-element elementor-element-fcc04f8 elementor-section-boxed elementor-section-height-default elementor-section-height-default\" data-id=\"fcc04f8\" data-element_type=\"section\" data-e-type=\"section\">\n\t\t\t\t\t\t<div class=\"elementor-container elementor-column-gap-default\">\n\t\t\t\t\t<div class=\"elementor-column elementor-col-50 elementor-inner-column elementor-element elementor-element-34a478e\" data-id=\"34a478e\" data-element_type=\"column\" data-e-type=\"column\">\n\t\t\t<div class=\"elementor-widget-wrap elementor-element-populated\">\n\t\t\t\t\t\t<div class=\"elementor-element elementor-element-e5a16a5 elementor-widget elementor-widget-apus_element_woo_category_banner\" data-id=\"e5a16a5\" data-element_type=\"widget\" data-e-type=\"widget\" data-widget_type=\"apus_element_woo_category_banner.default\">\n\t\t\t\t<div class=\"elementor-widget-container\">\n\t\t\t\t\t                    <div class=\"widget-category-banner  style2\">\n                \n                <div class=\"item-inner\">\n                    <div class=\"category-box-content\"><a href=\"#\"><h3 class=\"title\"><\/h3><\/a><a class=\"btn-banner\" href=\"#\">Hemen Ke\u015ffet<\/a><\/div>\n                <\/div>\n                    \n            <\/div>\n        \n        \t\t\t\t<\/div>\n\t\t\t\t<\/div>\n\t\t\t\t\t<\/div>\n\t\t<\/div>\n\t\t\t\t<div class=\"elementor-column elementor-col-50 elementor-inner-column elementor-element elementor-element-2cf7b7f\" data-id=\"2cf7b7f\" data-element_type=\"column\" data-e-type=\"column\">\n\t\t\t<div class=\"elementor-widget-wrap elementor-element-populated\">\n\t\t\t\t\t\t<div class=\"elementor-element elementor-element-4e0c3b0 elementor-widget elementor-widget-apus_element_woo_category_banner\" data-id=\"4e0c3b0\" data-element_type=\"widget\" data-e-type=\"widget\" data-widget_type=\"apus_element_woo_category_banner.default\">\n\t\t\t\t<div class=\"elementor-widget-container\">\n\t\t\t\t\t                    <div class=\"widget-category-banner  style2\">\n                \n                <div class=\"item-inner\">\n                    <div class=\"category-box-content\"><a href=\"#\"><h3 class=\"title\"><\/h3><\/a><a class=\"btn-banner\" href=\"#\"><\/a><\/div>\n                <\/div>\n                    \n            <\/div>\n        \n        \t\t\t\t<\/div>\n\t\t\t\t<\/div>\n\t\t\t\t\t<\/div>\n\t\t<\/div>\n\t\t\t\t\t<\/div>\n\t\t<\/section>\n\t\t\t\t\t<\/div>\n\t\t<\/div>\n\t\t\t\t\t<\/div>\n\t\t<\/section>\n\t\t\t\t<section class=\"elementor-section elementor-top-section elementor-element elementor-element-19e1c7c elementor-section-stretched elementor-section-full_width elementor-section-height-default elementor-section-height-default\" data-id=\"19e1c7c\" data-element_type=\"section\" data-e-type=\"section\" data-settings=\"{&quot;stretch_section&quot;:&quot;section-stretched&quot;}\">\n\t\t\t\t\t\t<div class=\"elementor-container elementor-column-gap-default\">\n\t\t\t\t\t<div class=\"elementor-column elementor-col-100 elementor-top-column elementor-element elementor-element-5b3a382\" data-id=\"5b3a382\" data-element_type=\"column\" data-e-type=\"column\">\n\t\t\t<div class=\"elementor-widget-wrap elementor-element-populated\">\n\t\t\t\t\t\t<section class=\"elementor-section elementor-inner-section elementor-element elementor-element-335694e elementor-section-boxed elementor-section-height-default elementor-section-height-default\" data-id=\"335694e\" data-element_type=\"section\" data-e-type=\"section\">\n\t\t\t\t\t\t<div class=\"elementor-container elementor-column-gap-default\">\n\t\t\t\t\t<div class=\"elementor-column elementor-col-50 elementor-inner-column elementor-element elementor-element-38bb8ca\" data-id=\"38bb8ca\" data-element_type=\"column\" data-e-type=\"column\">\n\t\t\t<div class=\"elementor-widget-wrap elementor-element-populated\">\n\t\t\t\t\t\t<div class=\"elementor-element elementor-element-4c96dc8 elementor-widget elementor-widget-apus_element_woo_category_banner\" data-id=\"4c96dc8\" data-element_type=\"widget\" data-e-type=\"widget\" data-widget_type=\"apus_element_woo_category_banner.default\">\n\t\t\t\t<div class=\"elementor-widget-container\">\n\t\t\t\t\t                    <div class=\"widget-category-banner  style2\">\n                \n                <div class=\"item-inner\">\n                    <div class=\"category-box-content\"><a href=\"#\"><h3 class=\"title\"><\/h3><\/a><a class=\"btn-banner\" href=\"#\">Hemen Ke\u015ffet<\/a><\/div>\n                <\/div>\n                    \n            <\/div>\n        \n        \t\t\t\t<\/div>\n\t\t\t\t<\/div>\n\t\t\t\t\t<\/div>\n\t\t<\/div>\n\t\t\t\t<div class=\"elementor-column elementor-col-50 elementor-inner-column elementor-element elementor-element-4016ae6\" data-id=\"4016ae6\" data-element_type=\"column\" data-e-type=\"column\">\n\t\t\t<div class=\"elementor-widget-wrap elementor-element-populated\">\n\t\t\t\t\t\t<div class=\"elementor-element elementor-element-dd8949a elementor-widget elementor-widget-apus_element_woo_category_banner\" data-id=\"dd8949a\" data-element_type=\"widget\" data-e-type=\"widget\" data-widget_type=\"apus_element_woo_category_banner.default\">\n\t\t\t\t<div class=\"elementor-widget-container\">\n\t\t\t\t\t                    <div class=\"widget-category-banner  style2\">\n                \n                <div class=\"item-inner\">\n                    <div class=\"category-box-content\"><a href=\"#\"><h3 class=\"title\"><\/h3><\/a><a class=\"btn-banner\" href=\"#\"><\/a><\/div>\n                <\/div>\n                    \n            <\/div>\n        \n        \t\t\t\t<\/div>\n\t\t\t\t<\/div>\n\t\t\t\t\t<\/div>\n\t\t<\/div>\n\t\t\t\t\t<\/div>\n\t\t<\/section>\n\t\t\t\t\t<\/div>\n\t\t<\/div>\n\t\t\t\t\t<\/div>\n\t\t<\/section>\n\t\t\t\t<section class=\"elementor-section elementor-top-section elementor-element elementor-element-3599899 elementor-section-stretched elementor-section-full_width elementor-section-height-default elementor-section-height-default\" data-id=\"3599899\" data-element_type=\"section\" data-e-type=\"section\" data-settings=\"{&quot;stretch_section&quot;:&quot;section-stretched&quot;}\">\n\t\t\t\t\t\t<div class=\"elementor-container elementor-column-gap-default\">\n\t\t\t\t\t<div class=\"elementor-column elementor-col-100 elementor-top-column elementor-element elementor-element-80b50b3\" data-id=\"80b50b3\" data-element_type=\"column\" data-e-type=\"column\">\n\t\t\t<div class=\"elementor-widget-wrap elementor-element-populated\">\n\t\t\t\t\t\t<section class=\"elementor-section elementor-inner-section elementor-element elementor-element-c97fc6f elementor-section-boxed elementor-section-height-default elementor-section-height-default\" data-id=\"c97fc6f\" data-element_type=\"section\" data-e-type=\"section\">\n\t\t\t\t\t\t<div class=\"elementor-container elementor-column-gap-default\">\n\t\t\t\t\t<div class=\"elementor-column elementor-col-50 elementor-inner-column elementor-element elementor-element-813bd79\" data-id=\"813bd79\" data-element_type=\"column\" data-e-type=\"column\">\n\t\t\t<div class=\"elementor-widget-wrap elementor-element-populated\">\n\t\t\t\t\t\t<div class=\"elementor-element elementor-element-d7d4b53 elementor-widget elementor-widget-apus_element_woo_category_banner\" data-id=\"d7d4b53\" data-element_type=\"widget\" data-e-type=\"widget\" data-widget_type=\"apus_element_woo_category_banner.default\">\n\t\t\t\t<div class=\"elementor-widget-container\">\n\t\t\t\t\t                    <div class=\"widget-category-banner  style2\">\n                \n                <div class=\"item-inner\">\n                    <div class=\"category-box-content\"><a href=\"#\"><h3 class=\"title\"><\/h3><\/a><a class=\"btn-banner\" href=\"#\">Hemen Ke\u015ffet<\/a><\/div>\n                <\/div>\n                    \n            <\/div>\n        \n        \t\t\t\t<\/div>\n\t\t\t\t<\/div>\n\t\t\t\t\t<\/div>\n\t\t<\/div>\n\t\t\t\t<div class=\"elementor-column elementor-col-50 elementor-inner-column elementor-element elementor-element-0fd35ab\" data-id=\"0fd35ab\" data-element_type=\"column\" data-e-type=\"column\">\n\t\t\t<div class=\"elementor-widget-wrap elementor-element-populated\">\n\t\t\t\t\t\t<div class=\"elementor-element elementor-element-9d7d188 elementor-widget elementor-widget-apus_element_woo_category_banner\" data-id=\"9d7d188\" data-element_type=\"widget\" data-e-type=\"widget\" data-widget_type=\"apus_element_woo_category_banner.default\">\n\t\t\t\t<div class=\"elementor-widget-container\">\n\t\t\t\t\t                    <div class=\"widget-category-banner  style2\">\n                \n                <div class=\"item-inner\">\n                    <div class=\"category-box-content\"><a href=\"#\"><h3 class=\"title\"><\/h3><\/a><a class=\"btn-banner\" href=\"#\"><\/a><\/div>\n                <\/div>\n                    \n            <\/div>\n        \n        \t\t\t\t<\/div>\n\t\t\t\t<\/div>\n\t\t\t\t\t<\/div>\n\t\t<\/div>\n\t\t\t\t\t<\/div>\n\t\t<\/section>\n\t\t\t\t\t<\/div>\n\t\t<\/div>\n\t\t\t\t\t<\/div>\n\t\t<\/section>\n\t\t\t\t<\/div>\n\t\t","protected":false},"excerpt":{"rendered":"<p>\u0130ND\u0130R\u0130ML\u0130 E\u011e\u0130T\u0130M PAKETLER\u0130 Hemen Ke\u015ffet Hemen Ke\u015ffet Hemen Ke\u015ffet Hemen Ke\u015ffet Hemen Ke\u015ffet<\/p>\n","protected":false},"author":1,"featured_media":0,"parent":0,"menu_order":0,"comment_status":"closed","ping_status":"closed","template":"","meta":{"footnotes":""},"class_list":["post-6997","page","type-page","status-publish","hentry"],"_links":{"self":[{"href":"https:\/\/www.klccenter.com.tr\/online\/wp-json\/wp\/v2\/pages\/6997","targetHints":{"allow":["GET"]}}],"collection":[{"href":"https:\/\/www.klccenter.com.tr\/online\/wp-json\/wp\/v2\/pages"}],"about":[{"href":"https:\/\/www.klccenter.com.tr\/online\/wp-json\/wp\/v2\/types\/page"}],"author":[{"embeddable":true,"href":"https:\/\/www.klccenter.com.tr\/online\/wp-json\/wp\/v2\/users\/1"}],"replies":[{"embeddable":true,"href":"https:\/\/www.klccenter.com.tr\/online\/wp-json\/wp\/v2\/comments?post=6997"}],"version-history":[{"count":93,"href":"https:\/\/www.klccenter.com.tr\/online\/wp-json\/wp\/v2\/pages\/6997\/revisions"}],"predecessor-version":[{"id":7918,"href":"https:\/\/www.klccenter.com.tr\/online\/wp-json\/wp\/v2\/pages\/6997\/revisions\/7918"}],"wp:attachment":[{"href":"https:\/\/www.klccenter.com.tr\/online\/wp-json\/wp\/v2\/media?parent=6997"}],"curies":[{"name":"wp","href":"https:\/\/api.w.org\/{rel}","templated":true}]}}