{"id":7114,"date":"2025-06-16T16:03:07","date_gmt":"2025-06-16T13:03:07","guid":{"rendered":"https:\/\/www.klccenter.com.tr\/online\/?post_type=product&#038;p=7114"},"modified":"2026-01-11T14:32:17","modified_gmt":"2026-01-11T11:32:17","slug":"genel-almanca-grup-egitimi-1-kur","status":"publish","type":"product","link":"https:\/\/www.klccenter.com.tr\/online\/product\/genel-almanca-grup-egitimi-1-kur\/","title":{"rendered":"Genel Almanca Grup E\u011fitimi 1 Kur"},"content":{"rendered":"<p><strong>Grup E\u011fitim Program\u0131 Hakk\u0131nda<\/strong><br \/>\nDil okulumuzun sundu\u011fu grup e\u011fitimleri, Avrupa Dilleri Ortak \u00c7er\u00e7eve Program\u0131 (CEFR) seviyelerine uygun olarak A1.1\u2019den B2.2\u2019ye kadar yap\u0131land\u0131r\u0131lm\u0131\u015ft\u0131r. Her kur toplam 6 hafta s\u00fcrer ve 36 saatlik ders program\u0131n\u0131 kapsar. E\u011fitimler haftada 2 g\u00fcn, g\u00fcnde 3 ders saati olacak \u015fekilde planlanm\u0131\u015ft\u0131r. K\u00fc\u00e7\u00fck gruplarla (5-7 ki\u015fi) y\u00fcr\u00fct\u00fclen derslerde, kat\u0131l\u0131mc\u0131lar\u0131n aktif kat\u0131l\u0131m\u0131 ve pratik yapmas\u0131 \u00f6n planda tutulur.<\/p>\n<p>T\u00fcm dersler online platform \u00fczerinden, deneyimli e\u011fitmenler e\u015fli\u011finde ger\u00e7ekle\u015ftirilir.<\/p>\n<p data-start=\"555\" data-end=\"576\"><strong data-start=\"555\" data-end=\"576\">E\u011fitim Detaylar\u0131:<\/strong><\/p>\n<p data-start=\"579\" data-end=\"611\"><strong data-start=\"579\" data-end=\"601\">Toplam Ders Saati:<\/strong> 36 Saat<br \/>\n<strong data-start=\"614\" data-end=\"631\">Grup Mevcudu:<\/strong> 5-7 Ki\u015fi<br \/>\n<strong data-start=\"645\" data-end=\"663\">E\u011fitim S\u00fcresi:<\/strong> 6 Hafta<br \/>\n<strong data-start=\"676\" data-end=\"693\">Ders G\u00fcnleri:<\/strong> Haftada 2 G\u00fcn \u2013 G\u00fcnde 3 Ders Saati<br \/>\n<strong data-start=\"733\" data-end=\"750\">Toplam \u00dccret:<\/strong> 16.200 TL (KDV Dahil)<\/p>\n<p data-start=\"1254\" data-end=\"1362\">\n","protected":false},"excerpt":{"rendered":"<p><strong>Grup E\u011fitim Program\u0131 Hakk\u0131nda<\/strong><br \/>\nDil okulumuzun sundu\u011fu grup e\u011fitimleri, Avrupa Dilleri Ortak \u00c7er\u00e7eve Program\u0131 (CEFR) seviyelerine uygun olarak A1.1\u2019den B2.2\u2019ye kadar yap\u0131land\u0131r\u0131lm\u0131\u015ft\u0131r. Her kur toplam 6 hafta s\u00fcrer ve 36 saatlik ders program\u0131n\u0131 kapsar. E\u011fitimler haftada 2 g\u00fcn, g\u00fcnde 3 ders saati olacak \u015fekilde planlanm\u0131\u015ft\u0131r. K\u00fc\u00e7\u00fck gruplarla (5-7 ki\u015fi) y\u00fcr\u00fct\u00fclen derslerde, kat\u0131l\u0131mc\u0131lar\u0131n aktif kat\u0131l\u0131m\u0131 ve pratik yapmas\u0131 \u00f6n planda tutulur.<\/p>\n","protected":false},"featured_media":8104,"comment_status":"open","ping_status":"closed","template":"","meta":[],"product_brand":[],"product_cat":[91,92],"product_tag":[],"class_list":{"0":"post-7114","1":"product","2":"type-product","3":"status-publish","4":"has-post-thumbnail","6":"product_cat-canli-ders-egitim-paketleri","7":"product_cat-grup-egitimleri","9":"first","10":"instock","11":"shipping-taxable","12":"purchasable","13":"product-type-variable"},"_links":{"self":[{"href":"https:\/\/www.klccenter.com.tr\/online\/wp-json\/wp\/v2\/product\/7114","targetHints":{"allow":["GET"]}}],"collection":[{"href":"https:\/\/www.klccenter.com.tr\/online\/wp-json\/wp\/v2\/product"}],"about":[{"href":"https:\/\/www.klccenter.com.tr\/online\/wp-json\/wp\/v2\/types\/product"}],"replies":[{"embeddable":true,"href":"https:\/\/www.klccenter.com.tr\/online\/wp-json\/wp\/v2\/comments?post=7114"}],"wp:featuredmedia":[{"embeddable":true,"href":"https:\/\/www.klccenter.com.tr\/online\/wp-json\/wp\/v2\/media\/8104"}],"wp:attachment":[{"href":"https:\/\/www.klccenter.com.tr\/online\/wp-json\/wp\/v2\/media?parent=7114"}],"wp:term":[{"taxonomy":"product_brand","embeddable":true,"href":"https:\/\/www.klccenter.com.tr\/online\/wp-json\/wp\/v2\/product_brand?post=7114"},{"taxonomy":"product_cat","embeddable":true,"href":"https:\/\/www.klccenter.com.tr\/online\/wp-json\/wp\/v2\/product_cat?post=7114"},{"taxonomy":"product_tag","embeddable":true,"href":"https:\/\/www.klccenter.com.tr\/online\/wp-json\/wp\/v2\/product_tag?post=7114"}],"curies":[{"name":"wp","href":"https:\/\/api.w.org\/{rel}","templated":true}]}}