{"id":7170,"date":"2025-06-16T16:08:19","date_gmt":"2025-06-16T13:08:19","guid":{"rendered":"https:\/\/www.klccenter.com.tr\/online\/?post_type=product&#038;p=7170"},"modified":"2026-01-11T14:33:52","modified_gmt":"2026-01-11T11:33:52","slug":"almanca-birebir-ozel-ders","status":"publish","type":"product","link":"https:\/\/www.klccenter.com.tr\/online\/product\/almanca-birebir-ozel-ders\/","title":{"rendered":"Almanca Birebir \u00d6zel Ders"},"content":{"rendered":"<p><strong>Bire Bir E\u011fitim Program\u0131 Hakk\u0131nda<\/strong><br \/>\n\u00d6zel ders program\u0131m\u0131z, tamamen bireysel ihtiya\u00e7lara g\u00f6re \u015fekillendirilmi\u015f bir e\u011fitim s\u00fcreci sunar. Bu programda kat\u0131l\u0131mc\u0131 tek ba\u015f\u0131na e\u011fitim al\u0131r; dersler bire bir ve interaktif \u015fekilde i\u015flenir. \u00d6\u011frencinin seviyesine, \u00f6\u011frenme h\u0131z\u0131na ve hedeflerine g\u00f6re ki\u015fiselle\u015ftirilmi\u015f i\u00e7eriklerle, k\u0131sa s\u00fcrede maksimum geli\u015fim sa\u011flan\u0131r.<\/p>\n<p>E\u011fitimler online platform \u00fczerinden, deneyimli e\u011fitmenler taraf\u0131ndan y\u00fcr\u00fct\u00fcl\u00fcr. Haftal\u0131k d\u00fczenli planlamayla ilerlenir ve \u00f6\u011frencinin program\u0131na g\u00f6re esneklik sa\u011flanabilir.<\/p>\n<p><strong>E\u011fitim Detaylar\u0131:<\/strong><br \/>\nToplam Ders Saati: 24 Saat<br \/>\nGrup Mevcudu: 1 Ki\u015fi (Bire Bir E\u011fitim)<br \/>\nE\u011fitim S\u00fcresi: 6 Hafta<br \/>\nDers G\u00fcnleri: Haftada 2 G\u00fcn \u2013 G\u00fcnde 2 Ders Saati (Tavsiye Edilen)<br \/>\nToplam \u00dccret: 22800 TL (KDV Dahil)<\/p>\n","protected":false},"excerpt":{"rendered":"<p><strong>Bire Bir E\u011fitim Program\u0131 Hakk\u0131nda<\/strong><br \/>\n\u00d6zel ders program\u0131m\u0131z, tamamen bireysel ihtiya\u00e7lara g\u00f6re \u015fekillendirilmi\u015f bir e\u011fitim s\u00fcreci sunar. Bu programda kat\u0131l\u0131mc\u0131 tek ba\u015f\u0131na e\u011fitim al\u0131r; dersler bire bir ve interaktif \u015fekilde i\u015flenir. \u00d6\u011frencinin seviyesine, \u00f6\u011frenme h\u0131z\u0131na ve hedeflerine g\u00f6re ki\u015fiselle\u015ftirilmi\u015f i\u00e7eriklerle, k\u0131sa s\u00fcrede maksimum geli\u015fim sa\u011flan\u0131r.<\/p>\n","protected":false},"featured_media":8112,"comment_status":"open","ping_status":"closed","template":"","meta":[],"product_brand":[],"product_cat":[93,91],"product_tag":[],"class_list":{"0":"post-7170","1":"product","2":"type-product","3":"status-publish","4":"has-post-thumbnail","6":"product_cat-bireysel-egitimler","7":"product_cat-canli-ders-egitim-paketleri","9":"first","10":"instock","11":"shipping-taxable","12":"purchasable","13":"product-type-simple"},"_links":{"self":[{"href":"https:\/\/www.klccenter.com.tr\/online\/wp-json\/wp\/v2\/product\/7170","targetHints":{"allow":["GET"]}}],"collection":[{"href":"https:\/\/www.klccenter.com.tr\/online\/wp-json\/wp\/v2\/product"}],"about":[{"href":"https:\/\/www.klccenter.com.tr\/online\/wp-json\/wp\/v2\/types\/product"}],"replies":[{"embeddable":true,"href":"https:\/\/www.klccenter.com.tr\/online\/wp-json\/wp\/v2\/comments?post=7170"}],"wp:featuredmedia":[{"embeddable":true,"href":"https:\/\/www.klccenter.com.tr\/online\/wp-json\/wp\/v2\/media\/8112"}],"wp:attachment":[{"href":"https:\/\/www.klccenter.com.tr\/online\/wp-json\/wp\/v2\/media?parent=7170"}],"wp:term":[{"taxonomy":"product_brand","embeddable":true,"href":"https:\/\/www.klccenter.com.tr\/online\/wp-json\/wp\/v2\/product_brand?post=7170"},{"taxonomy":"product_cat","embeddable":true,"href":"https:\/\/www.klccenter.com.tr\/online\/wp-json\/wp\/v2\/product_cat?post=7170"},{"taxonomy":"product_tag","embeddable":true,"href":"https:\/\/www.klccenter.com.tr\/online\/wp-json\/wp\/v2\/product_tag?post=7170"}],"curies":[{"name":"wp","href":"https:\/\/api.w.org\/{rel}","templated":true}]}}