{"id":7327,"date":"2025-06-16T16:47:43","date_gmt":"2025-06-16T13:47:43","guid":{"rendered":"https:\/\/www.klccenter.com.tr\/online\/?post_type=product&#038;p=7327"},"modified":"2026-01-11T14:45:35","modified_gmt":"2026-01-11T11:45:35","slug":"arapca-birebir-egitim-paketi-2","status":"publish","type":"product","link":"https:\/\/www.klccenter.com.tr\/online\/product\/arapca-birebir-egitim-paketi-2\/","title":{"rendered":"Arap\u00e7a Birebir E\u011fitim Paketi"},"content":{"rendered":"<p><strong>Orta\u00f6\u011fretim \u2013 Birebir E\u011fitim Program\u0131 Hakk\u0131nda<\/strong><br \/>\nOrta\u00f6\u011fretim seviyesindeki \u00f6\u011frenciler i\u00e7in \u00f6zel olarak haz\u0131rlanan bire bir e\u011fitim program\u0131m\u0131z, k\u0131sa s\u00fcrede etkili sonu\u00e7 almay\u0131 hedefleyen yo\u011fun bir i\u00e7erik sunar. Bu programda \u00f6\u011frenciler, bireysel ihtiya\u00e7lar\u0131na ve akademik hedeflerine g\u00f6re e\u011fitmen e\u015fli\u011finde do\u011frudan destek al\u0131r.<\/p>\n<p>Program, \u00f6\u011frencilerin dil becerilerini geli\u015ftirmeyi, okul derslerine destek olmay\u0131 ve s\u0131navlara haz\u0131rl\u0131k s\u00fcrecini profesyonelce y\u00fcr\u00fctmeyi ama\u00e7lar. Haftal\u0131k 2 g\u00fcn, her biri 2 ders saati \u015feklinde planlanan bu program 12 hafta s\u00fcrer ve toplam 48 saatlik bire bir e\u011fitim i\u00e7erir.<\/p>\n<p>T\u00fcm e\u011fitimler online platform \u00fczerinden, alan\u0131nda uzman e\u011fitmenler taraf\u0131ndan verilir. \u00d6\u011frencinin okul program\u0131na uygun esnek saatler sa\u011flan\u0131r.<\/p>\n<p><strong>E\u011fitim Detaylar\u0131:<\/strong><br \/>\nToplam Ders Saati: 48 Saat<br \/>\nGrup Mevcudu: 1 Ki\u015fi (Bire Bir E\u011fitim)<br \/>\nE\u011fitim S\u00fcresi: 12 Hafta \u2013 3 Ay<br \/>\nDers G\u00fcnleri: Haftada 2 G\u00fcn \u2013 G\u00fcnde 2 Ders Saati<br \/>\nToplam \u00dccret: 45.600 TL (KDV Dahil)<\/p>\n","protected":false},"excerpt":{"rendered":"<p><strong>Orta\u00f6\u011fretim \u2013 Birebir E\u011fitim Program\u0131 Hakk\u0131nda<\/strong><br \/>\nOrta\u00f6\u011fretim seviyesindeki \u00f6\u011frenciler i\u00e7in \u00f6zel olarak haz\u0131rlanan bire bir e\u011fitim program\u0131m\u0131z, k\u0131sa s\u00fcrede etkili sonu\u00e7 almay\u0131 hedefleyen yo\u011fun bir i\u00e7erik sunar. Bu programda \u00f6\u011frenciler, bireysel ihtiya\u00e7lar\u0131na ve akademik hedeflerine g\u00f6re e\u011fitmen e\u015fli\u011finde do\u011frudan destek al\u0131r.<\/p>\n","protected":false},"featured_media":8132,"comment_status":"open","ping_status":"closed","template":"","meta":[],"product_brand":[],"product_cat":[114,102,111],"product_tag":[],"class_list":{"0":"post-7327","1":"product","2":"type-product","3":"status-publish","4":"has-post-thumbnail","6":"product_cat-bireysel-egitim-paketleri","7":"product_cat-cocuk-ve-genc-egitimleri","8":"product_cat-ortaogretim-egitim-paketleri","10":"first","11":"instock","12":"shipping-taxable","13":"purchasable","14":"product-type-simple"},"_links":{"self":[{"href":"https:\/\/www.klccenter.com.tr\/online\/wp-json\/wp\/v2\/product\/7327","targetHints":{"allow":["GET"]}}],"collection":[{"href":"https:\/\/www.klccenter.com.tr\/online\/wp-json\/wp\/v2\/product"}],"about":[{"href":"https:\/\/www.klccenter.com.tr\/online\/wp-json\/wp\/v2\/types\/product"}],"replies":[{"embeddable":true,"href":"https:\/\/www.klccenter.com.tr\/online\/wp-json\/wp\/v2\/comments?post=7327"}],"wp:featuredmedia":[{"embeddable":true,"href":"https:\/\/www.klccenter.com.tr\/online\/wp-json\/wp\/v2\/media\/8132"}],"wp:attachment":[{"href":"https:\/\/www.klccenter.com.tr\/online\/wp-json\/wp\/v2\/media?parent=7327"}],"wp:term":[{"taxonomy":"product_brand","embeddable":true,"href":"https:\/\/www.klccenter.com.tr\/online\/wp-json\/wp\/v2\/product_brand?post=7327"},{"taxonomy":"product_cat","embeddable":true,"href":"https:\/\/www.klccenter.com.tr\/online\/wp-json\/wp\/v2\/product_cat?post=7327"},{"taxonomy":"product_tag","embeddable":true,"href":"https:\/\/www.klccenter.com.tr\/online\/wp-json\/wp\/v2\/product_tag?post=7327"}],"curies":[{"name":"wp","href":"https:\/\/api.w.org\/{rel}","templated":true}]}}