{"id":7390,"date":"2025-06-16T16:52:43","date_gmt":"2025-06-16T13:52:43","guid":{"rendered":"https:\/\/www.klccenter.com.tr\/online\/?post_type=product&#038;p=7390"},"modified":"2026-01-11T13:50:17","modified_gmt":"2026-01-11T10:50:17","slug":"almanca-grup-egitim-paketi","status":"publish","type":"product","link":"https:\/\/www.klccenter.com.tr\/online\/product\/almanca-grup-egitim-paketi\/","title":{"rendered":"Almanca Grup E\u011fitim Paketi"},"content":{"rendered":"","protected":false},"excerpt":{"rendered":"<p>Yeni bir dil \u00f6\u011frenmeye s\u0131f\u0131rdan ba\u015flamak isteyenler i\u00e7in haz\u0131rlad\u0131\u011f\u0131m\u0131z <strong data-start=\"248\" data-end=\"269\">T\u00fcrk\u00e7e A1 E\u011fitimi<\/strong>, temel T\u00fcrk\u00e7e bilgilerini kolay, etkili ve interaktif \u015fekilde \u00f6\u011frenmenizi sa\u011flar. Derslerimiz maksimum <strong data-start=\"373\" data-end=\"404\">5-7 ki\u015filik k\u00fc\u00e7\u00fck gruplarla<\/strong>, bire bir ilgiyle ve tamamen canl\u0131 olarak ger\u00e7ekle\u015ftirilir.<\/p>\n","protected":false},"featured_media":8140,"comment_status":"open","ping_status":"closed","template":"","meta":[],"product_brand":[],"product_cat":[113,111],"product_tag":[],"class_list":{"0":"post-7390","1":"product","2":"type-product","3":"status-publish","4":"has-post-thumbnail","6":"product_cat-grup-egitim-paketleri","7":"product_cat-ortaogretim-egitim-paketleri","9":"first","10":"instock","11":"shipping-taxable","12":"purchasable","13":"product-type-simple"},"_links":{"self":[{"href":"https:\/\/www.klccenter.com.tr\/online\/wp-json\/wp\/v2\/product\/7390","targetHints":{"allow":["GET"]}}],"collection":[{"href":"https:\/\/www.klccenter.com.tr\/online\/wp-json\/wp\/v2\/product"}],"about":[{"href":"https:\/\/www.klccenter.com.tr\/online\/wp-json\/wp\/v2\/types\/product"}],"replies":[{"embeddable":true,"href":"https:\/\/www.klccenter.com.tr\/online\/wp-json\/wp\/v2\/comments?post=7390"}],"wp:featuredmedia":[{"embeddable":true,"href":"https:\/\/www.klccenter.com.tr\/online\/wp-json\/wp\/v2\/media\/8140"}],"wp:attachment":[{"href":"https:\/\/www.klccenter.com.tr\/online\/wp-json\/wp\/v2\/media?parent=7390"}],"wp:term":[{"taxonomy":"product_brand","embeddable":true,"href":"https:\/\/www.klccenter.com.tr\/online\/wp-json\/wp\/v2\/product_brand?post=7390"},{"taxonomy":"product_cat","embeddable":true,"href":"https:\/\/www.klccenter.com.tr\/online\/wp-json\/wp\/v2\/product_cat?post=7390"},{"taxonomy":"product_tag","embeddable":true,"href":"https:\/\/www.klccenter.com.tr\/online\/wp-json\/wp\/v2\/product_tag?post=7390"}],"curies":[{"name":"wp","href":"https:\/\/api.w.org\/{rel}","templated":true}]}}