{"id":7744,"date":"2025-06-25T13:39:16","date_gmt":"2025-06-25T10:39:16","guid":{"rendered":"https:\/\/www.klccenter.com.tr\/online\/?post_type=product&#038;p=7744"},"modified":"2026-01-11T14:13:43","modified_gmt":"2026-01-11T11:13:43","slug":"ielts-pte-hazirlik-birebir-egitim","status":"publish","type":"product","link":"https:\/\/www.klccenter.com.tr\/online\/product\/ielts-pte-hazirlik-birebir-egitim\/","title":{"rendered":"IELTS \u2013 PTE Haz\u0131rl\u0131k \u2013 Birebir E\u011fitim"},"content":{"rendered":"<p data-start=\"201\" data-end=\"254\"><strong data-start=\"201\" data-end=\"254\">Uluslararas\u0131 s\u0131navlara g\u00fc\u00e7l\u00fc bir ba\u015flang\u0131\u00e7 yap\u0131n!<\/strong><\/p>\n<p data-start=\"256\" data-end=\"468\">Yurt d\u0131\u015f\u0131nda e\u011fitim, kariyer ya da g\u00f6\u00e7menlik hedefi olan bireyler i\u00e7in haz\u0131rlanm\u0131\u015f bu <strong data-start=\"342\" data-end=\"369\">20 derslik \u00f6zel program<\/strong>, IELTS ve PTE s\u0131navlar\u0131na y\u00f6nelik ihtiyac\u0131n\u0131z olan t\u00fcm akademik \u0130ngilizce becerilerini kazand\u0131r\u0131r.<\/p>\n<p data-start=\"470\" data-end=\"804\">\ud83d\udcd8 <strong data-start=\"473\" data-end=\"491\">Paket \u0130\u00e7eri\u011fi:<\/strong><br data-start=\"491\" data-end=\"494\" \/>\u2714\ufe0f S\u0131nav format\u0131na uygun okuma, yazma, dinleme ve konu\u015fma prati\u011fi<br data-start=\"559\" data-end=\"562\" \/>\u2714\ufe0f Zaman y\u00f6netimi ve s\u0131nav stratejileri<br data-start=\"601\" data-end=\"604\" \/>\u2714\ufe0f G\u00fcncel soru tipleri \u00fczerinden uygulamal\u0131 deneme \u00e7al\u0131\u015fmalar\u0131<br data-start=\"666\" data-end=\"669\" \/>\u2714\ufe0f Grammar &amp; Vocabulary geli\u015fimi<br data-start=\"701\" data-end=\"704\" \/>\u2714\ufe0f Speaking b\u00f6l\u00fcm\u00fc i\u00e7in bire bir pratik seanslar\u0131<br data-start=\"753\" data-end=\"756\" \/>\u2714\ufe0f Deneyimli e\u011fitmenlerle bireysel geri bildirim<\/p>\n<p data-start=\"806\" data-end=\"994\">Bu program sayesinde:<br data-start=\"827\" data-end=\"830\" \/>\ud83d\udd39 Hedef skorunuza sistemli ve g\u00fcvenli bir \u015fekilde ula\u015f\u0131rs\u0131n\u0131z,<br data-start=\"893\" data-end=\"896\" \/>\ud83d\udd39 Ger\u00e7ek s\u0131nav deneyimi ya\u015fars\u0131n\u0131z,<br data-start=\"932\" data-end=\"935\" \/>\ud83d\udd39 Akademik \u0130ngilizcenizi uluslararas\u0131 d\u00fczeye \u00e7\u0131kar\u0131rs\u0131n\u0131z.<\/p>\n<p data-start=\"996\" data-end=\"1145\">\ud83c\udfaf Hedefiniz ister 6.5 olsun, ister 8.0\u2026<br data-start=\"1036\" data-end=\"1039\" \/><strong data-start=\"1039\" data-end=\"1091\">KLC Education Center IELTS \/ PTE Haz\u0131rl\u0131k Paketi<\/strong>, sizi s\u0131nava ve hayalinize en do\u011fru \u015fekilde haz\u0131rlar!<\/p>\n","protected":false},"excerpt":{"rendered":"<p data-start=\"201\" data-end=\"254\"><strong data-start=\"201\" data-end=\"254\">Uluslararas\u0131 s\u0131navlara g\u00fc\u00e7l\u00fc bir ba\u015flang\u0131\u00e7 yap\u0131n!<\/strong><\/p>\n<p data-start=\"256\" data-end=\"468\">Yurt d\u0131\u015f\u0131nda e\u011fitim, kariyer ya da g\u00f6\u00e7menlik hedefi olan bireyler i\u00e7in haz\u0131rlanm\u0131\u015f bu <strong data-start=\"342\" data-end=\"369\">20 derslik \u00f6zel program<\/strong>, IELTS ve PTE s\u0131navlar\u0131na y\u00f6nelik ihtiyac\u0131n\u0131z olan t\u00fcm akademik \u0130ngilizce becerilerini kazand\u0131r\u0131r.<\/p>\n","protected":false},"featured_media":8167,"comment_status":"open","ping_status":"closed","template":"","meta":[],"product_brand":[],"product_cat":[97],"product_tag":[],"class_list":{"0":"post-7744","1":"product","2":"type-product","3":"status-publish","4":"has-post-thumbnail","6":"product_cat-sinav-hazirlik-egitimleri","8":"first","9":"instock","10":"shipping-taxable","11":"purchasable","12":"product-type-variable"},"_links":{"self":[{"href":"https:\/\/www.klccenter.com.tr\/online\/wp-json\/wp\/v2\/product\/7744","targetHints":{"allow":["GET"]}}],"collection":[{"href":"https:\/\/www.klccenter.com.tr\/online\/wp-json\/wp\/v2\/product"}],"about":[{"href":"https:\/\/www.klccenter.com.tr\/online\/wp-json\/wp\/v2\/types\/product"}],"replies":[{"embeddable":true,"href":"https:\/\/www.klccenter.com.tr\/online\/wp-json\/wp\/v2\/comments?post=7744"}],"wp:featuredmedia":[{"embeddable":true,"href":"https:\/\/www.klccenter.com.tr\/online\/wp-json\/wp\/v2\/media\/8167"}],"wp:attachment":[{"href":"https:\/\/www.klccenter.com.tr\/online\/wp-json\/wp\/v2\/media?parent=7744"}],"wp:term":[{"taxonomy":"product_brand","embeddable":true,"href":"https:\/\/www.klccenter.com.tr\/online\/wp-json\/wp\/v2\/product_brand?post=7744"},{"taxonomy":"product_cat","embeddable":true,"href":"https:\/\/www.klccenter.com.tr\/online\/wp-json\/wp\/v2\/product_cat?post=7744"},{"taxonomy":"product_tag","embeddable":true,"href":"https:\/\/www.klccenter.com.tr\/online\/wp-json\/wp\/v2\/product_tag?post=7744"}],"curies":[{"name":"wp","href":"https:\/\/api.w.org\/{rel}","templated":true}]}}