{"id":7771,"date":"2025-06-25T13:50:18","date_gmt":"2025-06-25T10:50:18","guid":{"rendered":"https:\/\/www.klccenter.com.tr\/online\/?post_type=product&#038;p=7771"},"modified":"2026-01-11T14:23:06","modified_gmt":"2026-01-11T11:23:06","slug":"yok-dil-hazirlik-birebir-egitim","status":"publish","type":"product","link":"https:\/\/www.klccenter.com.tr\/online\/product\/yok-dil-hazirlik-birebir-egitim\/","title":{"rendered":"Y\u00d6K D\u0130L Haz\u0131rl\u0131k &#8211; Birebir E\u011fitim"},"content":{"rendered":"<p data-start=\"190\" data-end=\"259\"><strong data-start=\"190\" data-end=\"259\">Alan\u0131n\u0131za \u00d6zel \u0130ngilizce ile Hedefledi\u011finiz Puan Art\u0131k \u00c7ok Yak\u0131n!<\/strong><\/p>\n<p data-start=\"261\" data-end=\"484\">Sa\u011fl\u0131k, Sosyal ve Fen bilimleri alanlar\u0131nda yap\u0131lan <strong data-start=\"313\" data-end=\"330\">Y\u00d6KD\u0130L s\u0131nav\u0131<\/strong>na y\u00f6nelik haz\u0131rlanm\u0131\u015f <strong data-start=\"353\" data-end=\"395\">20 derslik kapsaml\u0131 e\u011fitim program\u0131m\u0131z<\/strong>, akademik dil becerilerinizi sistemli \u015fekilde geli\u015ftirir ve s\u0131nav ba\u015far\u0131n\u0131z\u0131 garantiler.<\/p>\n<p data-start=\"486\" data-end=\"780\">\ud83d\udcd8 <strong data-start=\"489\" data-end=\"507\">Paket \u0130\u00e7eri\u011fi:<\/strong><br data-start=\"507\" data-end=\"510\" \/>\u2714\ufe0f Alan\u0131n\u0131za \u00f6zel kelime ve gramer \u00e7al\u0131\u015fmalar\u0131<br data-start=\"556\" data-end=\"559\" \/>\u2714\ufe0f Paragraf \u00e7\u00f6zme teknikleri ve \u00e7eviri prati\u011fi<br data-start=\"605\" data-end=\"608\" \/>\u2714\ufe0f Soru t\u00fcrlerine g\u00f6re \u00f6zel \u00e7\u00f6z\u00fcm stratejileri<br data-start=\"654\" data-end=\"657\" \/>\u2714\ufe0f Deneme s\u0131navlar\u0131 ve seviye analizleri<br data-start=\"697\" data-end=\"700\" \/>\u2714\ufe0f Zaman y\u00f6netimi ve s\u0131nav taktikleri<br data-start=\"737\" data-end=\"740\" \/>\u2714\ufe0f Akademik e\u011fitmenlerle bire bir destek<\/p>\n<p data-start=\"782\" data-end=\"970\">Bu program sayesinde:<br data-start=\"803\" data-end=\"806\" \/>\ud83d\udd39 S\u0131nav\u0131n yap\u0131s\u0131na tam uyum sa\u011flars\u0131n\u0131z,<br data-start=\"847\" data-end=\"850\" \/>\ud83d\udd39 Alan\u0131n\u0131za uygun akademik metinleri rahatl\u0131kla anlars\u0131n\u0131z,<br data-start=\"910\" data-end=\"913\" \/>\ud83d\udd39 Hedefledi\u011finiz puana sistemli bir \u015fekilde ula\u015f\u0131rs\u0131n\u0131z.<\/p>\n<p data-start=\"972\" data-end=\"1129\">\ud83c\udf93 Akademik y\u00fckselme, lisans\u00fcst\u00fc ba\u015fvurular veya dil tazminat\u0131 gibi hedefleriniz i\u00e7in,<br data-start=\"1058\" data-end=\"1061\" \/><strong data-start=\"1061\" data-end=\"1108\">KLC Education Center Y\u00d6KD\u0130L Haz\u0131rl\u0131k Paketi<\/strong> en do\u011fru tercihiniz!<\/p>\n","protected":false},"excerpt":{"rendered":"<p data-start=\"190\" data-end=\"259\"><strong data-start=\"190\" data-end=\"259\">Alan\u0131n\u0131za \u00d6zel \u0130ngilizce ile Hedefledi\u011finiz Puan Art\u0131k \u00c7ok Yak\u0131n!<\/strong><\/p>\n<p data-start=\"261\" data-end=\"484\">Sa\u011fl\u0131k, Sosyal ve Fen bilimleri alanlar\u0131nda yap\u0131lan <strong data-start=\"313\" data-end=\"330\">Y\u00d6KD\u0130L s\u0131nav\u0131<\/strong>na y\u00f6nelik haz\u0131rlanm\u0131\u015f <strong data-start=\"353\" data-end=\"395\">20 derslik kapsaml\u0131 e\u011fitim program\u0131m\u0131z<\/strong>, akademik dil becerilerinizi sistemli \u015fekilde geli\u015ftirir ve s\u0131nav ba\u015far\u0131n\u0131z\u0131 garantiler.<\/p>\n","protected":false},"featured_media":8195,"comment_status":"open","ping_status":"closed","template":"","meta":[],"product_brand":[],"product_cat":[97],"product_tag":[],"class_list":{"0":"post-7771","1":"product","2":"type-product","3":"status-publish","4":"has-post-thumbnail","6":"product_cat-sinav-hazirlik-egitimleri","8":"first","9":"instock","10":"shipping-taxable","11":"purchasable","12":"product-type-variable"},"_links":{"self":[{"href":"https:\/\/www.klccenter.com.tr\/online\/wp-json\/wp\/v2\/product\/7771","targetHints":{"allow":["GET"]}}],"collection":[{"href":"https:\/\/www.klccenter.com.tr\/online\/wp-json\/wp\/v2\/product"}],"about":[{"href":"https:\/\/www.klccenter.com.tr\/online\/wp-json\/wp\/v2\/types\/product"}],"replies":[{"embeddable":true,"href":"https:\/\/www.klccenter.com.tr\/online\/wp-json\/wp\/v2\/comments?post=7771"}],"wp:featuredmedia":[{"embeddable":true,"href":"https:\/\/www.klccenter.com.tr\/online\/wp-json\/wp\/v2\/media\/8195"}],"wp:attachment":[{"href":"https:\/\/www.klccenter.com.tr\/online\/wp-json\/wp\/v2\/media?parent=7771"}],"wp:term":[{"taxonomy":"product_brand","embeddable":true,"href":"https:\/\/www.klccenter.com.tr\/online\/wp-json\/wp\/v2\/product_brand?post=7771"},{"taxonomy":"product_cat","embeddable":true,"href":"https:\/\/www.klccenter.com.tr\/online\/wp-json\/wp\/v2\/product_cat?post=7771"},{"taxonomy":"product_tag","embeddable":true,"href":"https:\/\/www.klccenter.com.tr\/online\/wp-json\/wp\/v2\/product_tag?post=7771"}],"curies":[{"name":"wp","href":"https:\/\/api.w.org\/{rel}","templated":true}]}}