{"id":7776,"date":"2025-06-25T13:52:13","date_gmt":"2025-06-25T10:52:13","guid":{"rendered":"https:\/\/www.klccenter.com.tr\/online\/?post_type=product&#038;p=7776"},"modified":"2026-01-11T14:12:09","modified_gmt":"2026-01-11T11:12:09","slug":"celi-cilts-plida-hazirlik-paketi-birebir-egitim","status":"publish","type":"product","link":"https:\/\/www.klccenter.com.tr\/online\/product\/celi-cilts-plida-hazirlik-paketi-birebir-egitim\/","title":{"rendered":"CELI\/CILS Haz\u0131rl\u0131k Birebir E\u011fitim"},"content":{"rendered":"<p data-start=\"212\" data-end=\"272\"><strong data-start=\"212\" data-end=\"272\">Uluslararas\u0131 \u0130talyanca sertifikalar\u0131na g\u00fcvenle haz\u0131rlan!<\/strong><\/p>\n<p data-start=\"274\" data-end=\"466\">\u0130talya\u2019da e\u011fitim, \u00e7al\u0131\u015fma veya oturum izni gibi hedefleri olan bireyler i\u00e7in haz\u0131rlanan bu <strong data-start=\"365\" data-end=\"396\">40 derslik kapsaml\u0131 program<\/strong>, CELI, CILS ve PLIDA s\u0131navlar\u0131na y\u00f6nelik eksiksiz bir haz\u0131rl\u0131k sunar.<\/p>\n<p data-start=\"468\" data-end=\"817\">\ud83d\udcda <strong data-start=\"471\" data-end=\"489\">Paket \u0130\u00e7eri\u011fi:<\/strong><br data-start=\"489\" data-end=\"492\" \/>\u2714\ufe0f \u0130leri seviyede s\u0131nav odakl\u0131 e\u011fitim<br data-start=\"541\" data-end=\"544\" \/>\u2714\ufe0f Okuma, yazma, dinleme ve konu\u015fma becerilerinin geli\u015ftirilmesi<br data-start=\"608\" data-end=\"611\" \/>\u2714\ufe0f S\u0131nav format\u0131na uygun pratikler ve deneme s\u0131navlar\u0131<br data-start=\"665\" data-end=\"668\" \/>\u2714\ufe0f Kelime bilgisi ve gramer \u00e7al\u0131\u015fmalar\u0131<br data-start=\"707\" data-end=\"710\" \/>\u2714\ufe0f S\u0131nav stratejileri, ipu\u00e7lar\u0131 ve zaman y\u00f6netimi<br data-start=\"759\" data-end=\"762\" \/>\u2714\ufe0f Ana dili \u0130talyanca olan e\u011fitmenlerle konu\u015fma prati\u011fi<\/p>\n<p data-start=\"819\" data-end=\"1037\">Bu program sayesinde:<br data-start=\"840\" data-end=\"843\" \/>\ud83d\udd39 Sertifika s\u0131navlar\u0131n\u0131n t\u00fcm yap\u0131s\u0131na h\u00e2kim olursunuz,<br data-start=\"898\" data-end=\"901\" \/>\ud83d\udd39 \u0130talyanca ileti\u015fim becerilerinizi g\u00fcvenle geli\u015ftirirsiniz,<br data-start=\"962\" data-end=\"965\" \/>\ud83d\udd39 E\u011fitim ve vize ba\u015fvurular\u0131n\u0131zda gereken dili ba\u015far\u0131yla belgelersiniz.<\/p>\n<p data-start=\"1039\" data-end=\"1263\">\ud83c\udfaf Hedefiniz ister \u00fcniversite, ister i\u015f, ister \u0130talya\u2019da yeni bir hayat olsun\u2026<br data-start=\"1117\" data-end=\"1120\" \/><strong data-start=\"1120\" data-end=\"1190\">KLC Education Center \u0130talyanca CELI \/ CILS \/ PLIDA Haz\u0131rl\u0131k Paketi<\/strong>, sizi uluslararas\u0131 ge\u00e7erlili\u011fi olan s\u0131navlara en do\u011fru \u015fekilde haz\u0131rlar.<\/p>\n","protected":false},"excerpt":{"rendered":"<p data-start=\"212\" data-end=\"272\"><strong data-start=\"212\" data-end=\"272\">Uluslararas\u0131 \u0130talyanca sertifikalar\u0131na g\u00fcvenle haz\u0131rlan!<\/strong><\/p>\n<p data-start=\"274\" data-end=\"466\">\u0130talya\u2019da e\u011fitim, \u00e7al\u0131\u015fma veya oturum izni gibi hedefleri olan bireyler i\u00e7in haz\u0131rlanan bu <strong data-start=\"365\" data-end=\"396\">40 derslik kapsaml\u0131 program<\/strong>, CELI, CILS ve PLIDA s\u0131navlar\u0131na y\u00f6nelik eksiksiz bir haz\u0131rl\u0131k sunar.<\/p>\n","protected":false},"featured_media":8164,"comment_status":"open","ping_status":"closed","template":"","meta":[],"product_brand":[],"product_cat":[97],"product_tag":[],"class_list":{"0":"post-7776","1":"product","2":"type-product","3":"status-publish","4":"has-post-thumbnail","6":"product_cat-sinav-hazirlik-egitimleri","8":"first","9":"instock","10":"shipping-taxable","11":"purchasable","12":"product-type-simple"},"_links":{"self":[{"href":"https:\/\/www.klccenter.com.tr\/online\/wp-json\/wp\/v2\/product\/7776","targetHints":{"allow":["GET"]}}],"collection":[{"href":"https:\/\/www.klccenter.com.tr\/online\/wp-json\/wp\/v2\/product"}],"about":[{"href":"https:\/\/www.klccenter.com.tr\/online\/wp-json\/wp\/v2\/types\/product"}],"replies":[{"embeddable":true,"href":"https:\/\/www.klccenter.com.tr\/online\/wp-json\/wp\/v2\/comments?post=7776"}],"wp:featuredmedia":[{"embeddable":true,"href":"https:\/\/www.klccenter.com.tr\/online\/wp-json\/wp\/v2\/media\/8164"}],"wp:attachment":[{"href":"https:\/\/www.klccenter.com.tr\/online\/wp-json\/wp\/v2\/media?parent=7776"}],"wp:term":[{"taxonomy":"product_brand","embeddable":true,"href":"https:\/\/www.klccenter.com.tr\/online\/wp-json\/wp\/v2\/product_brand?post=7776"},{"taxonomy":"product_cat","embeddable":true,"href":"https:\/\/www.klccenter.com.tr\/online\/wp-json\/wp\/v2\/product_cat?post=7776"},{"taxonomy":"product_tag","embeddable":true,"href":"https:\/\/www.klccenter.com.tr\/online\/wp-json\/wp\/v2\/product_tag?post=7776"}],"curies":[{"name":"wp","href":"https:\/\/api.w.org\/{rel}","templated":true}]}}