{"id":7784,"date":"2025-06-25T13:56:24","date_gmt":"2025-06-25T10:56:24","guid":{"rendered":"https:\/\/www.klccenter.com.tr\/online\/?post_type=product&#038;p=7784"},"modified":"2026-01-13T14:09:54","modified_gmt":"2026-01-13T11:09:54","slug":"daf-telc-sinavlari-hazirlik-paketi-grup-egitim","status":"publish","type":"product","link":"https:\/\/www.klccenter.com.tr\/online\/product\/daf-telc-sinavlari-hazirlik-paketi-grup-egitim\/","title":{"rendered":"DAF\/TELC Haz\u0131rl\u0131k Grup E\u011fitimi"},"content":{"rendered":"<p data-start=\"239\" data-end=\"289\"><strong data-start=\"239\" data-end=\"289\">Almanca sertifika s\u0131navlar\u0131nda ba\u015far\u0131 sizinle!<\/strong><\/p>\n<p data-start=\"291\" data-end=\"553\">Almanya\u2019da <strong data-start=\"302\" data-end=\"324\">\u00fcniversite e\u011fitimi<\/strong>, <strong data-start=\"326\" data-end=\"342\">\u00e7al\u0131\u015fma izni<\/strong> ya da <strong data-start=\"349\" data-end=\"371\">oturum ba\u015fvurular\u0131<\/strong> i\u00e7in gerekli olan <strong data-start=\"390\" data-end=\"417\">DAF ve TELC s\u0131navlar\u0131na<\/strong> y\u00f6nelik haz\u0131rlanm\u0131\u015f bu <strong data-start=\"441\" data-end=\"469\">40 derslik yo\u011fun program<\/strong>, dil yeterlili\u011finizi akademik ve g\u00fcnl\u00fck kullan\u0131m a\u00e7\u0131s\u0131ndan en \u00fcst seviyeye \u00e7\u0131kar\u0131r.<\/p>\n<p data-start=\"555\" data-end=\"885\">\ud83d\udcd8 <strong data-start=\"558\" data-end=\"576\">Paket \u0130\u00e7eri\u011fi:<\/strong><br data-start=\"576\" data-end=\"579\" \/>\u2714\ufe0f \u0130leri seviyede s\u0131nav odakl\u0131 m\u00fcfredat<br data-start=\"630\" data-end=\"633\" \/>\u2714\ufe0f Okuma, yazma, dinleme ve konu\u015fma mod\u00fclleri<br data-start=\"678\" data-end=\"681\" \/>\u2714\ufe0f S\u0131nav tipi deneme testleri ve de\u011ferlendirmeler<br data-start=\"730\" data-end=\"733\" \/>\u2714\ufe0f Kelime bilgisi, gramer ve metin analizi<br data-start=\"775\" data-end=\"778\" \/>\u2714\ufe0f S\u0131nav stratejileri, zaman y\u00f6netimi ve bireysel geri bildirim<br data-start=\"841\" data-end=\"844\" \/>\u2714\ufe0f Tecr\u00fcbeli e\u011fitmenlerle bire bir destek<\/p>\n<p data-start=\"887\" data-end=\"1079\">Bu programla birlikte:<br data-start=\"909\" data-end=\"912\" \/>\ud83d\udd39 TELC ve DAF s\u0131nav yap\u0131lar\u0131na tamamen h\u00e2kim olursunuz,<br data-start=\"968\" data-end=\"971\" \/>\ud83d\udd39 Ger\u00e7ek s\u0131nav deneyimini bire bir ya\u015fars\u0131n\u0131z,<br data-start=\"1018\" data-end=\"1021\" \/>\ud83d\udd39 Almanca yeterlili\u011finizi uluslararas\u0131 d\u00fczeye ta\u015f\u0131rs\u0131n\u0131z.<\/p>\n<p data-start=\"1081\" data-end=\"1249\">\ud83c\udfaf \u0130ster akademik hedefler, ister g\u00f6\u00e7menlik s\u00fcreci\u2026<br data-start=\"1132\" data-end=\"1135\" \/><strong data-start=\"1135\" data-end=\"1194\">KLC Education Center Almanca DAF \/ TELC Haz\u0131rl\u0131k Paketi<\/strong>, Almanca s\u0131navlar\u0131nda ba\u015far\u0131l\u0131 olman\u0131z i\u00e7in yan\u0131n\u0131zda!<\/p>\n","protected":false},"excerpt":{"rendered":"<p data-start=\"276\" data-end=\"334\"><strong data-start=\"276\" data-end=\"334\">Almanca yeterlilik s\u0131navlar\u0131nda ba\u015far\u0131y\u0131 garantileyin!<\/strong><\/p>\n<p data-start=\"336\" data-end=\"556\">DAF (Deutsch als Fremdsprache) ve TELC s\u0131navlar\u0131na y\u00f6nelik haz\u0131rlanan bu <strong data-start=\"409\" data-end=\"448\">40 derslik yo\u011funla\u015ft\u0131r\u0131lm\u0131\u015f program<\/strong>, \u00f6\u011frencilerimizin hem akademik hem de pratik Almanca becerilerini \u00fcst seviyeye ta\u015f\u0131yacak \u015fekilde planland\u0131.<\/p>\n","protected":false},"featured_media":8209,"comment_status":"open","ping_status":"closed","template":"","meta":[],"product_brand":[],"product_cat":[97],"product_tag":[],"class_list":{"0":"post-7784","1":"product","2":"type-product","3":"status-publish","4":"has-post-thumbnail","6":"product_cat-sinav-hazirlik-egitimleri","8":"first","9":"instock","10":"shipping-taxable","11":"purchasable","12":"product-type-simple"},"_links":{"self":[{"href":"https:\/\/www.klccenter.com.tr\/online\/wp-json\/wp\/v2\/product\/7784","targetHints":{"allow":["GET"]}}],"collection":[{"href":"https:\/\/www.klccenter.com.tr\/online\/wp-json\/wp\/v2\/product"}],"about":[{"href":"https:\/\/www.klccenter.com.tr\/online\/wp-json\/wp\/v2\/types\/product"}],"replies":[{"embeddable":true,"href":"https:\/\/www.klccenter.com.tr\/online\/wp-json\/wp\/v2\/comments?post=7784"}],"wp:featuredmedia":[{"embeddable":true,"href":"https:\/\/www.klccenter.com.tr\/online\/wp-json\/wp\/v2\/media\/8209"}],"wp:attachment":[{"href":"https:\/\/www.klccenter.com.tr\/online\/wp-json\/wp\/v2\/media?parent=7784"}],"wp:term":[{"taxonomy":"product_brand","embeddable":true,"href":"https:\/\/www.klccenter.com.tr\/online\/wp-json\/wp\/v2\/product_brand?post=7784"},{"taxonomy":"product_cat","embeddable":true,"href":"https:\/\/www.klccenter.com.tr\/online\/wp-json\/wp\/v2\/product_cat?post=7784"},{"taxonomy":"product_tag","embeddable":true,"href":"https:\/\/www.klccenter.com.tr\/online\/wp-json\/wp\/v2\/product_tag?post=7784"}],"curies":[{"name":"wp","href":"https:\/\/api.w.org\/{rel}","templated":true}]}}