{"id":7787,"date":"2025-06-25T13:58:49","date_gmt":"2025-06-25T10:58:49","guid":{"rendered":"https:\/\/www.klccenter.com.tr\/online\/?post_type=product&#038;p=7787"},"modified":"2026-01-11T14:16:26","modified_gmt":"2026-01-11T11:16:26","slug":"lgs-ingilizce-hazirlik-grup-egitim","status":"publish","type":"product","link":"https:\/\/www.klccenter.com.tr\/online\/product\/lgs-ingilizce-hazirlik-grup-egitim\/","title":{"rendered":"LGS \u0130ngilizce Haz\u0131rl\u0131k &#8211; Grup E\u011fitim"},"content":{"rendered":"<p>LGS \u0130ngilizce b\u00f6l\u00fcm\u00fcne \u00f6zel olarak haz\u0131rlanm\u0131\u015f bu 30 derslik program ile \u00f6\u011frenciler, s\u0131navda kar\u015f\u0131lar\u0131na \u00e7\u0131kacak t\u00fcm soru tiplerine kar\u015f\u0131 tam donan\u0131ml\u0131 hale gelir.<\/p>\n<p>\ud83d\udcd8 Paket \u0130\u00e7eri\u011fi:<br \/>\n\u2714 LGS m\u00fcfredat\u0131na %100 uyumlu konu anlat\u0131mlar\u0131<br \/>\n\u2714 Kelime bilgisi ve gramer peki\u015ftirme<br \/>\n\u2714 Soru \u00e7\u00f6z\u00fcm teknikleri ve deneme \u00e7al\u0131\u015fmalar\u0131<br \/>\n\u2714 Tecr\u00fcbeli e\u011fitmenlerle bire bir destek<\/p>\n<p>Bu program sayesinde \u00f6\u011frenciler:<br \/>\n\ud83d\udd39 \u0130ngilizceyi ezberlemeden \u00f6\u011frenir,<br \/>\n\ud83d\udd39 S\u0131nav sorular\u0131n\u0131 rahatl\u0131kla \u00e7\u00f6zer,<br \/>\n\ud83d\udd39 Dil bilgisi ve kelime da\u011farc\u0131\u011f\u0131n\u0131 s\u0131nav seviyesinin \u00fczerine ta\u015f\u0131r.<\/p>\n<p>\ud83d\udcc8 Ba\u015far\u0131l\u0131 bir LGS i\u00e7in g\u00fc\u00e7l\u00fc bir \u0130ngilizce altyap\u0131s\u0131 \u015fart.<br \/>\nKLC Education Center LGS Haz\u0131rl\u0131k Paketi ile \u0130ngilizce sizin i\u00e7in art\u0131k bir avantaja\u00a0d\u00f6n\u00fc\u015f\u00fcyor!<\/p>\n","protected":false},"excerpt":{"rendered":"<p>LGS \u0130ngilizce b\u00f6l\u00fcm\u00fcne \u00f6zel olarak haz\u0131rlanm\u0131\u015f bu 30 derslik program ile \u00f6\u011frenciler, s\u0131navda kar\u015f\u0131lar\u0131na \u00e7\u0131kacak t\u00fcm soru tiplerine kar\u015f\u0131 tam donan\u0131ml\u0131 hale gelir.<\/p>\n","protected":false},"featured_media":8211,"comment_status":"open","ping_status":"closed","template":"","meta":[],"product_brand":[],"product_cat":[97],"product_tag":[],"class_list":{"0":"post-7787","1":"product","2":"type-product","3":"status-publish","4":"has-post-thumbnail","6":"product_cat-sinav-hazirlik-egitimleri","8":"first","9":"instock","10":"shipping-taxable","11":"purchasable","12":"product-type-simple"},"_links":{"self":[{"href":"https:\/\/www.klccenter.com.tr\/online\/wp-json\/wp\/v2\/product\/7787","targetHints":{"allow":["GET"]}}],"collection":[{"href":"https:\/\/www.klccenter.com.tr\/online\/wp-json\/wp\/v2\/product"}],"about":[{"href":"https:\/\/www.klccenter.com.tr\/online\/wp-json\/wp\/v2\/types\/product"}],"replies":[{"embeddable":true,"href":"https:\/\/www.klccenter.com.tr\/online\/wp-json\/wp\/v2\/comments?post=7787"}],"wp:featuredmedia":[{"embeddable":true,"href":"https:\/\/www.klccenter.com.tr\/online\/wp-json\/wp\/v2\/media\/8211"}],"wp:attachment":[{"href":"https:\/\/www.klccenter.com.tr\/online\/wp-json\/wp\/v2\/media?parent=7787"}],"wp:term":[{"taxonomy":"product_brand","embeddable":true,"href":"https:\/\/www.klccenter.com.tr\/online\/wp-json\/wp\/v2\/product_brand?post=7787"},{"taxonomy":"product_cat","embeddable":true,"href":"https:\/\/www.klccenter.com.tr\/online\/wp-json\/wp\/v2\/product_cat?post=7787"},{"taxonomy":"product_tag","embeddable":true,"href":"https:\/\/www.klccenter.com.tr\/online\/wp-json\/wp\/v2\/product_tag?post=7787"}],"curies":[{"name":"wp","href":"https:\/\/api.w.org\/{rel}","templated":true}]}}