{"id":7795,"date":"2025-06-25T14:27:51","date_gmt":"2025-06-25T11:27:51","guid":{"rendered":"https:\/\/www.klccenter.com.tr\/online\/?post_type=product&#038;p=7795"},"modified":"2025-06-28T16:02:39","modified_gmt":"2025-06-28T13:02:39","slug":"italya-universite-yuksek-lisans-danismanlik-temel-paketi","status":"publish","type":"product","link":"https:\/\/www.klccenter.com.tr\/online\/product\/italya-universite-yuksek-lisans-danismanlik-temel-paketi\/","title":{"rendered":"\u0130talya \u00dcniversite-Y\u00fcksek Lisans Dan\u0131\u015fmanl\u0131k Temel Paketi"},"content":{"rendered":"<h3><strong>Temel Paket 2280,00\u20ac<br \/>\n<\/strong><strong>\u0130talya Ya\u015fam Destek Paketi: 600,00\u20ac<br \/>\nBurs Ba\u015fvurusu Paketi : 600,00<\/strong><strong>\u20ac<\/strong><\/h3>\n<p data-start=\"278\" data-end=\"578\"><strong data-start=\"278\" data-end=\"302\">KLC Education Center<\/strong> olarak yurt d\u0131\u015f\u0131nda \u00fcniversite ve y\u00fcksek lisans ba\u015fvuru s\u00fcrecinizde ihtiya\u00e7 duydu\u011funuz temel rehberli\u011fi bu paket kapsam\u0131nda sunuyoruz. Akademik hedeflerinize do\u011fru sa\u011flam ve planl\u0131 bir ba\u015flang\u0131\u00e7 yapman\u0131z i\u00e7in titizlikle haz\u0131rlanm\u0131\u015f bu hizmet i\u00e7eri\u011finde \u015funlar yer almaktad\u0131r:<\/p>\n<p data-start=\"580\" data-end=\"603\">\ud83d\udccc <strong data-start=\"583\" data-end=\"601\">Paket \u0130\u00e7eri\u011fi:<\/strong><\/p>\n<ul data-start=\"604\" data-end=\"1033\">\n<li data-start=\"604\" data-end=\"677\">\n<p data-start=\"606\" data-end=\"677\">Belirlenen kriterlere uygun <strong data-start=\"634\" data-end=\"665\">3\u20134 \u00fcniversiteye \u00f6n ba\u015fvuru<\/strong> i\u015flemleri<\/p>\n<\/li>\n<li data-start=\"678\" data-end=\"755\">\n<p data-start=\"680\" data-end=\"755\">\u00dcniversitelerle y\u00fcr\u00fct\u00fclecek t\u00fcm <strong data-start=\"712\" data-end=\"753\">resm\u00ee yaz\u0131\u015fmalar\u0131n takibi ve y\u00f6netimi<\/strong><\/p>\n<\/li>\n<li data-start=\"756\" data-end=\"814\">\n<p data-start=\"758\" data-end=\"814\">Ba\u015fvuru sonras\u0131 <strong data-start=\"774\" data-end=\"812\">kabul s\u00fcrecinin profesyonel takibi<\/strong><\/p>\n<\/li>\n<li data-start=\"815\" data-end=\"882\">\n<p data-start=\"817\" data-end=\"882\"><strong data-start=\"817\" data-end=\"854\">Vize s\u00fcrecine y\u00f6nelik dan\u0131\u015fmanl\u0131k<\/strong> ve gerekli y\u00f6nlendirmeler<\/p>\n<\/li>\n<li data-start=\"883\" data-end=\"951\">\n<p data-start=\"885\" data-end=\"951\">Ba\u015fvuru evraklar\u0131 i\u00e7in <strong data-start=\"908\" data-end=\"949\">\u00e7eviri deste\u011fi ve dan\u0131\u015fmanl\u0131k hizmeti<\/strong><\/p>\n<\/li>\n<li data-start=\"952\" data-end=\"1033\">\n<p data-start=\"954\" data-end=\"1033\">Konaklama ihtiya\u00e7lar\u0131 do\u011frultusunda <strong data-start=\"990\" data-end=\"1033\">yurt ara\u015ft\u0131rmas\u0131 ve y\u00f6nlendirme deste\u011fi<\/strong><\/p>\n<\/li>\n<\/ul>\n<p data-start=\"1035\" data-end=\"1207\">Bu paket, yurt d\u0131\u015f\u0131nda lisans veya y\u00fcksek lisans e\u011fitimi almak isteyen \u00f6\u011frencilerin s\u00fcreci eksiksiz ve stressiz bir \u015fekilde y\u00fcr\u00fctebilmeleri i\u00e7in \u00f6zel olarak tasarlanm\u0131\u015ft\u0131r.<\/p>\n<p><strong>\u0130talya Ya\u015fam Destek Paketi 600,00\u20ac<\/strong><\/p>\n<ul>\n<li><strong>Havaalan\u0131 kar\u015f\u0131lama <\/strong><\/li>\n<li><strong>Otele yerle\u015ftirme<\/strong><\/li>\n<li><strong>Oturum izni ba\u015fvurusu<\/strong><\/li>\n<li><strong>Vergi numaras\u0131 edinme<\/strong><\/li>\n<li><strong>Elektrik-su-gaz-internet a\u00e7t\u0131rma<\/strong><\/li>\n<li><strong>Telefon hatt\u0131 alma<\/strong><\/li>\n<\/ul>\n<p><strong>Burs ba\u015fvurusu paketi 600,00\u20ac<\/strong><\/p>\n<ul>\n<li><strong>B\u00f6lgesel burslar\u0131n ara\u015ft\u0131r\u0131lmas\u0131<\/strong><\/li>\n<li><strong>Evrak haz\u0131rl\u0131klar\u0131n\u0131n yap\u0131lmas\u0131 <\/strong><\/li>\n<li><strong>Ba\u015fvurular\u0131n\u0131n ger\u00e7ekle\u015ftirilmesi<\/strong><\/li>\n<li><strong>Takiplerinin yap\u0131lmas\u0131 <\/strong><\/li>\n<li><strong>Gerekli mercilerle y\u00fcr\u00fct\u00fclen g\u00f6r\u00fc\u015fmeler<\/strong><\/li>\n<\/ul>\n<p>Ev tutma dan\u0131\u015fmanl\u0131k paketi\u00a0 <strong>(B\u0130R) K\u0130RA BEDEL\u0130D\u0130R.<\/strong><\/p>\n<p data-start=\"1209\" data-end=\"1291\">\ud83d\udcde Daha fazla bilgi ve bire bir dan\u0131\u015fmanl\u0131k i\u00e7in bizimle ileti\u015fime ge\u00e7ebilirsiniz.<\/p>\n","protected":false},"excerpt":{"rendered":"<h3><strong>Temel Paket 2280,00\u20ac<br \/>\n<\/strong><strong>\u0130talya Ya\u015fam Destek Paketi: 600,00\u20ac<br \/>\nBurs Ba\u015fvurusu Paketi : 600,00<\/strong><strong>\u20ac<\/strong><\/h3>\n<p data-start=\"278\" data-end=\"578\"><strong data-start=\"278\" data-end=\"302\">KLC Education Center<\/strong> olarak yurt d\u0131\u015f\u0131nda \u00fcniversite ve y\u00fcksek lisans ba\u015fvuru s\u00fcrecinizde ihtiya\u00e7 duydu\u011funuz temel rehberli\u011fi bu paket kapsam\u0131nda sunuyoruz. Akademik hedeflerinize do\u011fru sa\u011flam ve planl\u0131 bir ba\u015flang\u0131\u00e7 yapman\u0131z i\u00e7in titizlikle haz\u0131rlanm\u0131\u015f bu hizmet i\u00e7eri\u011finde \u015funlar yer almaktad\u0131r:<\/p>\n","protected":false},"featured_media":8180,"comment_status":"open","ping_status":"closed","template":"","meta":[],"product_brand":[],"product_cat":[15],"product_tag":[],"class_list":{"0":"post-7795","1":"product","2":"type-product","3":"status-publish","4":"has-post-thumbnail","6":"product_cat-uncategorized","8":"first","9":"instock","10":"shipping-taxable","11":"product-type-simple"},"_links":{"self":[{"href":"https:\/\/www.klccenter.com.tr\/online\/wp-json\/wp\/v2\/product\/7795","targetHints":{"allow":["GET"]}}],"collection":[{"href":"https:\/\/www.klccenter.com.tr\/online\/wp-json\/wp\/v2\/product"}],"about":[{"href":"https:\/\/www.klccenter.com.tr\/online\/wp-json\/wp\/v2\/types\/product"}],"replies":[{"embeddable":true,"href":"https:\/\/www.klccenter.com.tr\/online\/wp-json\/wp\/v2\/comments?post=7795"}],"wp:featuredmedia":[{"embeddable":true,"href":"https:\/\/www.klccenter.com.tr\/online\/wp-json\/wp\/v2\/media\/8180"}],"wp:attachment":[{"href":"https:\/\/www.klccenter.com.tr\/online\/wp-json\/wp\/v2\/media?parent=7795"}],"wp:term":[{"taxonomy":"product_brand","embeddable":true,"href":"https:\/\/www.klccenter.com.tr\/online\/wp-json\/wp\/v2\/product_brand?post=7795"},{"taxonomy":"product_cat","embeddable":true,"href":"https:\/\/www.klccenter.com.tr\/online\/wp-json\/wp\/v2\/product_cat?post=7795"},{"taxonomy":"product_tag","embeddable":true,"href":"https:\/\/www.klccenter.com.tr\/online\/wp-json\/wp\/v2\/product_tag?post=7795"}],"curies":[{"name":"wp","href":"https:\/\/api.w.org\/{rel}","templated":true}]}}