{"id":7805,"date":"2025-06-25T14:43:23","date_gmt":"2025-06-25T11:43:23","guid":{"rendered":"https:\/\/www.klccenter.com.tr\/online\/?post_type=product&#038;p=7805"},"modified":"2025-06-28T16:05:42","modified_gmt":"2025-06-28T13:05:42","slug":"turkiye-universite-yuksek-lisans-danismanlik-paketi","status":"publish","type":"product","link":"https:\/\/www.klccenter.com.tr\/online\/product\/turkiye-universite-yuksek-lisans-danismanlik-paketi\/","title":{"rendered":"T\u00fcrkiye \u00dcniversite-Y\u00fcksek Lisans Dan\u0131\u015fmanl\u0131k Paketi"},"content":{"rendered":"<h3><strong>Temel Paket 2280,00\u20ac<\/strong><\/h3>\n<p data-start=\"303\" data-end=\"657\"><strong data-start=\"303\" data-end=\"327\">KLC Education Center<\/strong> olarak, T\u00fcrkiye\u2019de \u00fcniversite ve y\u00fcksek lisans e\u011fitimi almak isteyen yabanc\u0131 uyruklu \u00f6\u011frencilere y\u00f6nelik ba\u015fvuru s\u00fcrecinde ihtiya\u00e7 duyduklar\u0131 temel dan\u0131\u015fmanl\u0131k hizmetini bu paket kapsam\u0131nda sunuyoruz. Akademik yolculu\u011funuza sa\u011flam ve planl\u0131 bir ad\u0131mla ba\u015flayabilmeniz i\u00e7in titizlikle olu\u015fturulmu\u015f hizmet i\u00e7eri\u011fimiz \u015fu \u015fekildedir:<\/p>\n<p data-start=\"659\" data-end=\"682\">\ud83d\udccc <strong data-start=\"662\" data-end=\"680\">Paket \u0130\u00e7eri\u011fi:<\/strong><\/p>\n<ul data-start=\"683\" data-end=\"1157\">\n<li data-start=\"683\" data-end=\"772\">\n<p data-start=\"685\" data-end=\"772\">Belirlenen akademik hedef ve alanlara uygun <strong data-start=\"729\" data-end=\"770\">3\u20134 \u00fcniversiteye \u00f6n ba\u015fvuru i\u015flemleri<\/strong><\/p>\n<\/li>\n<li data-start=\"773\" data-end=\"850\">\n<p data-start=\"775\" data-end=\"850\">\u00dcniversitelerle y\u00fcr\u00fct\u00fclecek t\u00fcm <strong data-start=\"807\" data-end=\"848\">resm\u00ee yaz\u0131\u015fmalar\u0131n takibi ve y\u00f6netimi<\/strong><\/p>\n<\/li>\n<li data-start=\"851\" data-end=\"928\">\n<p data-start=\"853\" data-end=\"928\"><strong data-start=\"853\" data-end=\"891\">Kabul s\u00fcrecinin profesyonel takibi<\/strong> ve \u00f6\u011frenciye d\u00fczenli bilgilendirme<\/p>\n<\/li>\n<li data-start=\"929\" data-end=\"1014\">\n<p data-start=\"931\" data-end=\"1014\"><strong data-start=\"931\" data-end=\"974\">T\u00fcrkiye \u00f6\u011frenci vizesi ba\u015fvuru s\u00fcrecine<\/strong> y\u00f6nelik dan\u0131\u015fmanl\u0131k ve y\u00f6nlendirmeler<\/p>\n<\/li>\n<li data-start=\"1015\" data-end=\"1082\">\n<p data-start=\"1017\" data-end=\"1082\">Gerekli evraklar i\u00e7in <strong data-start=\"1039\" data-end=\"1080\">\u00e7eviri deste\u011fi ve \u00e7eviri dan\u0131\u015fmanl\u0131\u011f\u0131<\/strong><\/p>\n<\/li>\n<li data-start=\"1083\" data-end=\"1157\">\n<p data-start=\"1085\" data-end=\"1157\">Konaklama ihtiyac\u0131na y\u00f6nelik <strong data-start=\"1114\" data-end=\"1157\">yurt ara\u015ft\u0131rmas\u0131 ve yerle\u015ftirme deste\u011fi<\/strong><\/p>\n<\/li>\n<\/ul>\n<p data-start=\"1159\" data-end=\"1359\">Bu paket, T\u00fcrkiye\u2019de lisans ya da y\u00fcksek lisans e\u011fitimi hedefleyen uluslararas\u0131 \u00f6\u011frencilerin ba\u015fvuru s\u00fcrecini eksiksiz, g\u00fcvenli ve sorunsuz bir \u015fekilde y\u00f6netebilmeleri i\u00e7in \u00f6zel olarak haz\u0131rlanm\u0131\u015ft\u0131r.<\/p>\n<p data-start=\"1361\" data-end=\"1443\">\ud83d\udcde Daha fazla bilgi ve bire bir dan\u0131\u015fmanl\u0131k i\u00e7in bizimle ileti\u015fime ge\u00e7ebilirsiniz.<\/p>\n","protected":false},"excerpt":{"rendered":"<h3><strong>Temel Paket 2280,00\u20ac<\/strong><\/h3>\n<p data-start=\"303\" data-end=\"657\"><strong data-start=\"303\" data-end=\"327\">KLC Education Center<\/strong> olarak, T\u00fcrkiye\u2019de \u00fcniversite ve y\u00fcksek lisans e\u011fitimi almak isteyen yabanc\u0131 uyruklu \u00f6\u011frencilere y\u00f6nelik ba\u015fvuru s\u00fcrecinde ihtiya\u00e7 duyduklar\u0131 temel dan\u0131\u015fmanl\u0131k hizmetini bu paket kapsam\u0131nda sunuyoruz. Akademik yolculu\u011funuza sa\u011flam ve planl\u0131 bir ad\u0131mla ba\u015flayabilmeniz i\u00e7in titizlikle olu\u015fturulmu\u015f hizmet i\u00e7eri\u011fimiz \u015fu \u015fekildedir:<\/p>\n","protected":false},"featured_media":8182,"comment_status":"open","ping_status":"closed","template":"","meta":[],"product_brand":[],"product_cat":[15],"product_tag":[],"class_list":{"0":"post-7805","1":"product","2":"type-product","3":"status-publish","4":"has-post-thumbnail","6":"product_cat-uncategorized","8":"first","9":"instock","10":"shipping-taxable","11":"product-type-simple"},"_links":{"self":[{"href":"https:\/\/www.klccenter.com.tr\/online\/wp-json\/wp\/v2\/product\/7805","targetHints":{"allow":["GET"]}}],"collection":[{"href":"https:\/\/www.klccenter.com.tr\/online\/wp-json\/wp\/v2\/product"}],"about":[{"href":"https:\/\/www.klccenter.com.tr\/online\/wp-json\/wp\/v2\/types\/product"}],"replies":[{"embeddable":true,"href":"https:\/\/www.klccenter.com.tr\/online\/wp-json\/wp\/v2\/comments?post=7805"}],"wp:featuredmedia":[{"embeddable":true,"href":"https:\/\/www.klccenter.com.tr\/online\/wp-json\/wp\/v2\/media\/8182"}],"wp:attachment":[{"href":"https:\/\/www.klccenter.com.tr\/online\/wp-json\/wp\/v2\/media?parent=7805"}],"wp:term":[{"taxonomy":"product_brand","embeddable":true,"href":"https:\/\/www.klccenter.com.tr\/online\/wp-json\/wp\/v2\/product_brand?post=7805"},{"taxonomy":"product_cat","embeddable":true,"href":"https:\/\/www.klccenter.com.tr\/online\/wp-json\/wp\/v2\/product_cat?post=7805"},{"taxonomy":"product_tag","embeddable":true,"href":"https:\/\/www.klccenter.com.tr\/online\/wp-json\/wp\/v2\/product_tag?post=7805"}],"curies":[{"name":"wp","href":"https:\/\/api.w.org\/{rel}","templated":true}]}}