{"id":7806,"date":"2025-06-25T14:54:11","date_gmt":"2025-06-25T11:54:11","guid":{"rendered":"https:\/\/www.klccenter.com.tr\/online\/?post_type=product&#038;p=7806"},"modified":"2026-01-11T14:56:50","modified_gmt":"2026-01-11T11:56:50","slug":"ogrenci-koclugu-danismanlik-paketi","status":"publish","type":"product","link":"https:\/\/www.klccenter.com.tr\/online\/product\/ogrenci-koclugu-danismanlik-paketi\/","title":{"rendered":"\u00d6\u011frenci Ko\u00e7lu\u011fu Dan\u0131\u015fmanl\u0131k Paketi"},"content":{"rendered":"<p data-start=\"212\" data-end=\"326\">\ud83d\udccc <strong data-start=\"215\" data-end=\"272\">Ortaokul ve lise d\u00fczeyindeki \u00f6\u011frenciler i\u00e7in uygundur<\/strong><br data-start=\"272\" data-end=\"275\" \/>\ud83d\udcc5 <strong data-start=\"278\" data-end=\"297\">36 hafta \/ 9 ay<\/strong><br data-start=\"297\" data-end=\"300\" \/>\ud83d\udcbc <strong data-start=\"303\" data-end=\"326\">\u00dccret: 34.200,00 TL<\/strong><\/p>\n<p data-start=\"328\" data-end=\"596\"><strong data-start=\"328\" data-end=\"352\">KLC Education Center<\/strong> olarak, \u00f6\u011frencilerin akademik ba\u015far\u0131lar\u0131n\u0131 art\u0131rmak, ki\u015fisel geli\u015fimlerini desteklemek ve geleceklerini do\u011fru planlamalar\u0131na yard\u0131mc\u0131 olmak amac\u0131yla haz\u0131rlad\u0131\u011f\u0131m\u0131z bu kapsaml\u0131 dan\u0131\u015fmanl\u0131k paketi, 9 ay boyunca \u00f6\u011frenciye birebir rehberlik sunar.<\/p>\n<p data-start=\"598\" data-end=\"621\">\ud83d\udd0d <strong data-start=\"601\" data-end=\"619\">Paket \u0130\u00e7eri\u011fi:<\/strong><\/p>\n<ul data-start=\"622\" data-end=\"1308\">\n<li data-start=\"622\" data-end=\"715\">\n<p data-start=\"624\" data-end=\"715\">\u00d6\u011frencinin g\u00fc\u00e7l\u00fc y\u00f6nlerini ve potansiyelini tan\u0131maya y\u00f6nelik <strong data-start=\"685\" data-end=\"713\">ki\u015filik testi uygulamas\u0131<\/strong><\/p>\n<\/li>\n<li data-start=\"716\" data-end=\"817\">\n<p data-start=\"718\" data-end=\"817\">\u0130lgi alanlar\u0131na ve yeteneklerine uygun meslekleri belirlemeye yard\u0131mc\u0131 <strong data-start=\"789\" data-end=\"815\">mesleki envanter testi<\/strong><\/p>\n<\/li>\n<li data-start=\"818\" data-end=\"922\">\n<p data-start=\"820\" data-end=\"922\">\u00d6\u011frencinin eksik konular\u0131na y\u00f6nelik, bran\u015f \u00f6\u011fretmenleriyle birlikte yap\u0131lan <strong data-start=\"896\" data-end=\"920\">\u00f6zel ders planlamas\u0131<\/strong><\/p>\n<\/li>\n<li data-start=\"923\" data-end=\"1003\">\n<p data-start=\"925\" data-end=\"1003\">T\u00fcm s\u00fcre\u00e7 boyunca <strong data-start=\"943\" data-end=\"1001\">akademik takip, d\u00fczenli raporlama ve birebir ment\u00f6rl\u00fck<\/strong><\/p>\n<\/li>\n<li data-start=\"1004\" data-end=\"1109\">\n<p data-start=\"1006\" data-end=\"1109\">\u00d6\u011frencinin kendini tan\u0131mas\u0131na ve hedeflerini belirlemesine y\u00f6nelik <strong data-start=\"1073\" data-end=\"1107\">ko\u00e7luk ve kariyer dan\u0131\u015fmanl\u0131\u011f\u0131<\/strong><\/p>\n<\/li>\n<li data-start=\"1110\" data-end=\"1206\">\n<p data-start=\"1112\" data-end=\"1206\">S\u00fcre\u00e7 i\u00e7erisinde d\u00fczenli olarak yap\u0131lan <strong data-start=\"1152\" data-end=\"1204\">motivasyonel g\u00f6r\u00fc\u015fmeler ve destekleyici seanslar<\/strong><\/p>\n<\/li>\n<li data-start=\"1207\" data-end=\"1308\">\n<p data-start=\"1209\" data-end=\"1308\">Gelecek planlamas\u0131na katk\u0131 sa\u011flamak amac\u0131yla <strong data-start=\"1254\" data-end=\"1308\">yurt d\u0131\u015f\u0131 e\u011fitim olanaklar\u0131 hakk\u0131nda bilgilendirme<\/strong><\/p>\n<\/li>\n<\/ul>\n<p data-start=\"1310\" data-end=\"1462\">Bu program; \u00f6\u011frencilerin sadece ders ba\u015far\u0131s\u0131n\u0131 de\u011fil, ayn\u0131 zamanda \u00f6zg\u00fcvenini, karar verme becerilerini ve gelecek vizyonunu da g\u00fc\u00e7lendirmeyi hedefler.<\/p>\n<p data-start=\"1464\" data-end=\"1528\">\ud83d\udcde Detayl\u0131 bilgi ve kay\u0131t i\u00e7in bizimle ileti\u015fime ge\u00e7ebilirsiniz.<\/p>\n","protected":false},"excerpt":{"rendered":"<p data-start=\"212\" data-end=\"326\">\ud83d\udccc <strong data-start=\"215\" data-end=\"272\">Ortaokul ve lise d\u00fczeyindeki \u00f6\u011frenciler i\u00e7in uygundur<\/strong><br data-start=\"272\" data-end=\"275\" \/>\ud83d\udcc5 <strong data-start=\"278\" data-end=\"297\">36 hafta \/ 9 ay<\/strong><br data-start=\"297\" data-end=\"300\" \/>\ud83d\udcbc <strong data-start=\"303\" data-end=\"326\">\u00dccret: 34.200,00 TL<\/strong><\/p>\n<p data-start=\"328\" data-end=\"596\"><strong data-start=\"328\" data-end=\"352\">KLC Education Center<\/strong> olarak, \u00f6\u011frencilerin akademik ba\u015far\u0131lar\u0131n\u0131 art\u0131rmak, ki\u015fisel geli\u015fimlerini desteklemek ve geleceklerini do\u011fru planlamalar\u0131na yard\u0131mc\u0131 olmak amac\u0131yla haz\u0131rlad\u0131\u011f\u0131m\u0131z bu kapsaml\u0131 dan\u0131\u015fmanl\u0131k paketi, 9 ay boyunca \u00f6\u011frenciye birebir rehberlik sunar.<\/p>\n","protected":false},"featured_media":8185,"comment_status":"open","ping_status":"closed","template":"","meta":[],"product_brand":[],"product_cat":[99],"product_tag":[],"class_list":{"0":"post-7806","1":"product","2":"type-product","3":"status-publish","4":"has-post-thumbnail","6":"product_cat-ogrenci-koclugu","8":"first","9":"instock","10":"shipping-taxable","11":"purchasable","12":"product-type-simple"},"_links":{"self":[{"href":"https:\/\/www.klccenter.com.tr\/online\/wp-json\/wp\/v2\/product\/7806","targetHints":{"allow":["GET"]}}],"collection":[{"href":"https:\/\/www.klccenter.com.tr\/online\/wp-json\/wp\/v2\/product"}],"about":[{"href":"https:\/\/www.klccenter.com.tr\/online\/wp-json\/wp\/v2\/types\/product"}],"replies":[{"embeddable":true,"href":"https:\/\/www.klccenter.com.tr\/online\/wp-json\/wp\/v2\/comments?post=7806"}],"wp:featuredmedia":[{"embeddable":true,"href":"https:\/\/www.klccenter.com.tr\/online\/wp-json\/wp\/v2\/media\/8185"}],"wp:attachment":[{"href":"https:\/\/www.klccenter.com.tr\/online\/wp-json\/wp\/v2\/media?parent=7806"}],"wp:term":[{"taxonomy":"product_brand","embeddable":true,"href":"https:\/\/www.klccenter.com.tr\/online\/wp-json\/wp\/v2\/product_brand?post=7806"},{"taxonomy":"product_cat","embeddable":true,"href":"https:\/\/www.klccenter.com.tr\/online\/wp-json\/wp\/v2\/product_cat?post=7806"},{"taxonomy":"product_tag","embeddable":true,"href":"https:\/\/www.klccenter.com.tr\/online\/wp-json\/wp\/v2\/product_tag?post=7806"}],"curies":[{"name":"wp","href":"https:\/\/api.w.org\/{rel}","templated":true}]}}