{"id":7807,"date":"2025-06-25T14:59:44","date_gmt":"2025-06-25T11:59:44","guid":{"rendered":"https:\/\/www.klccenter.com.tr\/online\/?post_type=product&#038;p=7807"},"modified":"2026-01-11T14:56:38","modified_gmt":"2026-01-11T11:56:38","slug":"kariyer-danismanligi-paketi","status":"publish","type":"product","link":"https:\/\/www.klccenter.com.tr\/online\/product\/kariyer-danismanligi-paketi\/","title":{"rendered":"Kariyer Dan\u0131\u015fmanl\u0131\u011f\u0131 Paketi"},"content":{"rendered":"<p data-start=\"234\" data-end=\"337\">\ud83d\udccc <strong data-start=\"237\" data-end=\"282\">Lise d\u00fczeyindeki \u00f6\u011frenciler i\u00e7in uygundur<\/strong><br data-start=\"282\" data-end=\"285\" \/>\ud83d\udcc5 <strong data-start=\"288\" data-end=\"309\">Toplam 10 g\u00f6r\u00fc\u015fme<\/strong><br data-start=\"309\" data-end=\"312\" \/>\ud83d\udcbc <strong data-start=\"315\" data-end=\"337\">\u00dccret: 9.000,00 TL<\/strong><\/p>\n<p data-start=\"339\" data-end=\"624\"><strong data-start=\"339\" data-end=\"363\">KLC Education Center<\/strong> olarak lise \u00f6\u011frencilerine y\u00f6nelik haz\u0131rlad\u0131\u011f\u0131m\u0131z bu dan\u0131\u015fmanl\u0131k paketi, \u00f6\u011frencinin kendini tan\u0131mas\u0131na, akademik eksiklerini tamamlamas\u0131na ve gelecek planlamas\u0131n\u0131 do\u011fru yapmas\u0131na destek olur. S\u0131n\u0131rl\u0131 say\u0131da g\u00f6r\u00fc\u015fmeyle etkili ve hedef odakl\u0131 bir rehberlik sunar.<\/p>\n<p data-start=\"626\" data-end=\"649\">\ud83d\udd0d <strong data-start=\"629\" data-end=\"647\">Paket \u0130\u00e7eri\u011fi:<\/strong><\/p>\n<ul data-start=\"650\" data-end=\"1124\">\n<li data-start=\"650\" data-end=\"732\">\n<p data-start=\"652\" data-end=\"732\">\u00d6\u011frencinin ki\u015fisel \u00f6zelliklerini anlamaya y\u00f6nelik <strong data-start=\"702\" data-end=\"730\">ki\u015filik testi uygulamas\u0131<\/strong><\/p>\n<\/li>\n<li data-start=\"733\" data-end=\"810\">\n<p data-start=\"735\" data-end=\"810\">\u0130lgi ve yetenek alanlar\u0131n\u0131 belirlemeye y\u00f6nelik <strong data-start=\"782\" data-end=\"808\">mesleki envanter testi<\/strong><\/p>\n<\/li>\n<li data-start=\"811\" data-end=\"916\">\n<p data-start=\"813\" data-end=\"916\">\u00d6\u011frencinin zorland\u0131\u011f\u0131 ders konular\u0131na \u00f6zel olarak haz\u0131rlanan <strong data-start=\"874\" data-end=\"914\">\u00f6\u011fretmen planlamas\u0131 ve destek s\u00fcreci<\/strong><\/p>\n<\/li>\n<li data-start=\"917\" data-end=\"975\">\n<p data-start=\"919\" data-end=\"975\">S\u00fcre\u00e7 boyunca <strong data-start=\"933\" data-end=\"973\">akademik takip ve bireysel ment\u00f6rl\u00fck<\/strong><\/p>\n<\/li>\n<li data-start=\"976\" data-end=\"1052\">\n<p data-start=\"978\" data-end=\"1052\">\u00d6\u011frencinin gelecek hedeflerini \u015fekillendirece\u011fi <strong data-start=\"1026\" data-end=\"1050\">kariyer dan\u0131\u015fmanl\u0131\u011f\u0131<\/strong><\/p>\n<\/li>\n<li data-start=\"1053\" data-end=\"1124\">\n<p data-start=\"1055\" data-end=\"1124\"><strong data-start=\"1055\" data-end=\"1124\">Yurt d\u0131\u015f\u0131 e\u011fitim olanaklar\u0131 hakk\u0131nda bilgilendirme ve y\u00f6nlendirme<\/strong><\/p>\n<\/li>\n<\/ul>\n<p data-start=\"1126\" data-end=\"1296\">Bu paket, \u00f6\u011frencinin g\u00fc\u00e7l\u00fc y\u00f6nlerini ke\u015ffetmesini, eksiklerini tamamlamas\u0131n\u0131 ve hem T\u00fcrkiye\u2019de hem yurt d\u0131\u015f\u0131nda gelecek planlamas\u0131n\u0131 sa\u011flam temellere oturtmas\u0131n\u0131 ama\u00e7lar.<\/p>\n<p data-start=\"1298\" data-end=\"1364\">\ud83d\udcde Detayl\u0131 bilgi ve randevu i\u00e7in bizimle ileti\u015fime ge\u00e7ebilirsiniz.<\/p>\n","protected":false},"excerpt":{"rendered":"<p data-start=\"234\" data-end=\"337\">\ud83d\udccc <strong data-start=\"237\" data-end=\"282\">Lise d\u00fczeyindeki \u00f6\u011frenciler i\u00e7in uygundur<\/strong><br data-start=\"282\" data-end=\"285\" \/>\ud83d\udcc5 <strong data-start=\"288\" data-end=\"309\">Toplam 10 g\u00f6r\u00fc\u015fme<\/strong><br data-start=\"309\" data-end=\"312\" \/>\ud83d\udcbc <strong data-start=\"315\" data-end=\"337\">\u00dccret: 9.000,00 TL<\/strong><\/p>\n<p data-start=\"339\" data-end=\"624\"><strong data-start=\"339\" data-end=\"363\">KLC Education Center<\/strong> olarak lise \u00f6\u011frencilerine y\u00f6nelik haz\u0131rlad\u0131\u011f\u0131m\u0131z bu dan\u0131\u015fmanl\u0131k paketi, \u00f6\u011frencinin kendini tan\u0131mas\u0131na, akademik eksiklerini tamamlamas\u0131na ve gelecek planlamas\u0131n\u0131 do\u011fru yapmas\u0131na destek olur. S\u0131n\u0131rl\u0131 say\u0131da g\u00f6r\u00fc\u015fmeyle etkili ve hedef odakl\u0131 bir rehberlik sunar.<\/p>\n","protected":false},"featured_media":8187,"comment_status":"open","ping_status":"closed","template":"","meta":[],"product_brand":[],"product_cat":[122],"product_tag":[],"class_list":{"0":"post-7807","1":"product","2":"type-product","3":"status-publish","4":"has-post-thumbnail","6":"product_cat-kariyer-danismanligi","8":"first","9":"instock","10":"shipping-taxable","11":"purchasable","12":"product-type-simple"},"_links":{"self":[{"href":"https:\/\/www.klccenter.com.tr\/online\/wp-json\/wp\/v2\/product\/7807","targetHints":{"allow":["GET"]}}],"collection":[{"href":"https:\/\/www.klccenter.com.tr\/online\/wp-json\/wp\/v2\/product"}],"about":[{"href":"https:\/\/www.klccenter.com.tr\/online\/wp-json\/wp\/v2\/types\/product"}],"replies":[{"embeddable":true,"href":"https:\/\/www.klccenter.com.tr\/online\/wp-json\/wp\/v2\/comments?post=7807"}],"wp:featuredmedia":[{"embeddable":true,"href":"https:\/\/www.klccenter.com.tr\/online\/wp-json\/wp\/v2\/media\/8187"}],"wp:attachment":[{"href":"https:\/\/www.klccenter.com.tr\/online\/wp-json\/wp\/v2\/media?parent=7807"}],"wp:term":[{"taxonomy":"product_brand","embeddable":true,"href":"https:\/\/www.klccenter.com.tr\/online\/wp-json\/wp\/v2\/product_brand?post=7807"},{"taxonomy":"product_cat","embeddable":true,"href":"https:\/\/www.klccenter.com.tr\/online\/wp-json\/wp\/v2\/product_cat?post=7807"},{"taxonomy":"product_tag","embeddable":true,"href":"https:\/\/www.klccenter.com.tr\/online\/wp-json\/wp\/v2\/product_tag?post=7807"}],"curies":[{"name":"wp","href":"https:\/\/api.w.org\/{rel}","templated":true}]}}